{"id":121,"date":"2014-10-29T22:11:20","date_gmt":"2014-10-29T22:11:20","guid":{"rendered":"http:\/\/logistic.freevision.me\/?page_id=121"},"modified":"2018-08-15T17:14:24","modified_gmt":"2018-08-15T15:14:24","slug":"company-timeline","status":"publish","type":"page","link":"http:\/\/mein-schulbus.de\/index.php\/company\/company-timeline\/","title":{"rendered":"Unsere Geschichte"},"content":{"rendered":"<section class=\"wpb-content-wrapper\"><p>[vc_row row_fullwidth=&#8220;1&#8243; row_zero_column_space=&#8220;1&#8243; bg_parallax=&#8220;off&#8220; css=&#8220;.vc_custom_1414621028378{margin-top: 0px !important;margin-right: 0px !important;margin-bottom: 0px !important;margin-left: 0px !important;padding-top: 0px !important;padding-right: 0px !important;padding-bottom: 0px !important;padding-left: 0px !important;}&#8220;][vc_column]<div class=\"avt_masterslider_el \" >\n\t\t<!-- MasterSlider -->\n\t\t<div id=\"P_MS69f1b29262fd2\" class=\"master-slider-parent ms-caro3d-template ms-parent-id-3\" style=\"max-width:100%;\" >\n\n\t\t\t\n\t\t\t<!-- MasterSlider Main -->\n\t\t\t<div id=\"MS69f1b29262fd2\" class=\"master-slider ms-skin-default\" >\n\t\t\t\t \t\t\t\t \n\n\t\t\t<div  class=\"ms-slide\" data-delay=\"3\" data-fill-mode=\"fill\"   >\n\t\t\t\t\t<img src=\"http:\/\/mein-schulbus.de\/wp-content\/plugins\/masterslider\/public\/assets\/css\/blank.gif\" alt=\"\" title=\"\" data-src=\"http:\/\/mein-schulbus.de\/wp-content\/uploads\/2018\/07\/Sonntagsausflug_web.jpg\" \/>\n\n\t\t\t\t\t<div  class=\"ms-layer  msp-cn-5-2\" style=\"\"      data-ease=\"easeOutQuint\"                data-offset-x=\"0\" data-offset-y=\"400\" data-origin=\"tl\"   >\nDie 20er Jahre<\/div>\n\n\t\t\t\t\t<div  class=\"ms-layer  msp-cn-5-1\" style=\"\"      data-ease=\"easeOutQuint\"                data-offset-x=\"0\" data-offset-y=\"457\" data-origin=\"tl\"   >\nDie Reise beginnt<\/div>\n\n\n\t\t\t\t<\/div>\n\t\t\t<div  class=\"ms-slide\" data-delay=\"3\" data-fill-mode=\"fill\"   >\n\t\t\t\t\t<img src=\"http:\/\/mein-schulbus.de\/wp-content\/plugins\/masterslider\/public\/assets\/css\/blank.gif\" alt=\"\" title=\"\" data-src=\"http:\/\/mein-schulbus.de\/wp-content\/uploads\/2018\/07\/30er.jpg\" \/>\n\n\t\t\t\t\t<div  class=\"ms-layer  msp-cn-5-4\" style=\"\"      data-ease=\"easeOutQuint\"                data-offset-x=\"0\" data-offset-y=\"400\" data-origin=\"tl\"   >\nDie 30er Jahre<\/div>\n\n\t\t\t\t\t<div  class=\"ms-layer  msp-cn-5-3\" style=\"\"      data-ease=\"easeOutQuint\"                data-offset-x=\"0\" data-offset-y=\"457\" data-origin=\"tl\"   >\nMit voller Fahrt aus der Wirtschaftkrise<\/div>\n\n\n\t\t\t\t<\/div>\n\t\t\t<div  class=\"ms-slide\" data-delay=\"3\" data-fill-mode=\"fill\"   >\n\t\t\t\t\t<img src=\"http:\/\/mein-schulbus.de\/wp-content\/plugins\/masterslider\/public\/assets\/css\/blank.gif\" alt=\"\" title=\"\" data-src=\"http:\/\/mein-schulbus.de\/wp-content\/uploads\/2018\/07\/Busfahrer_web.jpg\" \/>\n\n\t\t\t\t\t<div  class=\"ms-layer  msp-cn-5-6\" style=\"\"      data-ease=\"easeOutQuint\"                data-offset-x=\"0\" data-offset-y=\"400\" data-origin=\"tl\"   >\nDie 40er Jahre<\/div>\n\n\t\t\t\t\t<div  class=\"ms-layer  msp-cn-5-5\" style=\"\"      data-ease=\"easeOutQuint\"                data-offset-x=\"0\" data-offset-y=\"457\" data-origin=\"tl\"   >\nEndstation, oder ...?<\/div>\n\n\n\t\t\t\t<\/div>\n\t\t\t<div  class=\"ms-slide\" data-delay=\"3\" data-fill-mode=\"fill\"   >\n\t\t\t\t\t<img src=\"http:\/\/mein-schulbus.de\/wp-content\/plugins\/masterslider\/public\/assets\/css\/blank.gif\" alt=\"\" title=\"\" data-src=\"http:\/\/mein-schulbus.de\/wp-content\/uploads\/2018\/07\/Bus_1_web.jpg\" \/>\n\n\t\t\t\t\t<div  class=\"ms-layer  msp-cn-5-8\" style=\"\"      data-ease=\"easeOutQuint\"                data-offset-x=\"0\" data-offset-y=\"400\" data-origin=\"tl\"   >\nDie 50er Jahre<\/div>\n\n\t\t\t\t\t<div  class=\"ms-layer  msp-cn-5-7\" style=\"\"      data-ease=\"easeOutQuint\"                data-offset-x=\"0\" data-offset-y=\"457\" data-origin=\"tl\"   >\nRock'n Roll und Schmugglergl\u00fcck<\/div>\n\n\n\t\t\t\t<\/div>\n\t\t\t<div  class=\"ms-slide\" data-delay=\"3\" data-fill-mode=\"fill\"   >\n\t\t\t\t\t<img src=\"http:\/\/mein-schulbus.de\/wp-content\/plugins\/masterslider\/public\/assets\/css\/blank.gif\" alt=\"\" title=\"\" data-src=\"http:\/\/mein-schulbus.de\/wp-content\/uploads\/2018\/07\/Bus-in-Berlin_web.jpg\" \/>\n\n\t\t\t\t\t<div  class=\"ms-layer  msp-cn-5-10\" style=\"\"      data-ease=\"easeOutQuint\"                data-offset-x=\"0\" data-offset-y=\"401\" data-origin=\"tl\"   >\nDie 60er Jahre<\/div>\n\n\t\t\t\t\t<div  class=\"ms-layer  msp-cn-5-9\" style=\"\"      data-ease=\"easeOutQuint\"                data-offset-x=\"0\" data-offset-y=\"457\" data-origin=\"tl\"   >\nKurt Will junior \u00fcbernimmt das Steuer<\/div>\n\n\n\t\t\t\t<\/div>\n\t\t\t<div  class=\"ms-slide\" data-delay=\"3\" data-fill-mode=\"fill\"   >\n\t\t\t\t\t<img src=\"http:\/\/mein-schulbus.de\/wp-content\/plugins\/masterslider\/public\/assets\/css\/blank.gif\" alt=\"\" title=\"\" data-src=\"http:\/\/mein-schulbus.de\/wp-content\/uploads\/2018\/07\/Gebaeude-Fa.-Will_web.jpg\" \/>\n\n\t\t\t\t\t<div  class=\"ms-layer  msp-cn-3-12\" style=\"\"      data-ease=\"easeOutQuint\"                data-offset-x=\"0\" data-offset-y=\"401\" data-origin=\"tl\"   >\nDie 70er Jahre<\/div>\n\n\t\t\t\t\t<div  class=\"ms-layer  msp-cn-3-11\" style=\"\"      data-ease=\"easeOutQuint\"                data-offset-x=\"0\" data-offset-y=\"457\" data-origin=\"tl\"   >\nes l\u00e4uft und l\u00e4uft und l\u00e4uft<\/div>\n\n\n\t\t\t\t<\/div>\n\t\t\t<div  class=\"ms-slide\" data-delay=\"3\" data-fill-mode=\"fill\"   >\n\t\t\t\t\t<img src=\"http:\/\/mein-schulbus.de\/wp-content\/plugins\/masterslider\/public\/assets\/css\/blank.gif\" alt=\"\" title=\"\" data-src=\"http:\/\/mein-schulbus.de\/wp-content\/uploads\/2018\/07\/Bus-Mont-St.-Michel_web.jpg\" \/>\n\n\t\t\t\t\t<div  class=\"ms-layer  msp-cn-3-14\" style=\"\"      data-ease=\"easeOutQuint\"                data-offset-x=\"0\" data-offset-y=\"401\" data-origin=\"tl\"   >\nDie 80er Jahre<\/div>\n\n\t\t\t\t\t<div  class=\"ms-layer  msp-cn-3-13\" style=\"\"      data-ease=\"easeOutQuint\"                data-offset-x=\"0\" data-offset-y=\"457\" data-origin=\"tl\"   >\nAuf neuen Wegen zum Erfolg<\/div>\n\n\n\t\t\t\t<\/div>\n\t\t\t<div  class=\"ms-slide\" data-delay=\"3\" data-fill-mode=\"fill\"   >\n\t\t\t\t\t<img src=\"http:\/\/mein-schulbus.de\/wp-content\/plugins\/masterslider\/public\/assets\/css\/blank.gif\" alt=\"\" title=\"\" data-src=\"http:\/\/mein-schulbus.de\/wp-content\/uploads\/2018\/07\/Alle-Busse_web.jpg\" \/>\n\n\t\t\t\t\t<div  class=\"ms-layer  msp-cn-3-16\" style=\"\"      data-ease=\"easeOutQuint\"                data-offset-x=\"0\" data-offset-y=\"401\" data-origin=\"tl\"   >\nDie 90er Jahre<\/div>\n\n\t\t\t\t\t<div  class=\"ms-layer  msp-cn-3-15\" style=\"\"      data-ease=\"easeOutQuint\"                data-offset-x=\"0\" data-offset-y=\"457\" data-origin=\"tl\"   >\nNeue Partner, neue Aufgaben<\/div>\n\n\n\t\t\t\t<\/div>\n\n\t\t\t<\/div>\n\t\t\t<!-- END MasterSlider Main -->\n\n\t\t\t \n\t\t<\/div>\n\t\t<!-- END MasterSlider -->\n\n\t\t<script>\n\t\t( window.MSReady = window.MSReady || [] ).push( function( $ ) {\n\n\t\t\t\"use strict\";\n\t\t\tvar masterslider_2fd2 = new MasterSlider();\n\n\t\t\t\/\/ slider controls\n\t\t\tmasterslider_2fd2.control('arrows'     ,{ autohide:true, overVideo:true  });\n\t\t\tmasterslider_2fd2.control('bullets'    ,{ autohide:true, overVideo:true, dir:'h', align:'bottom', space:6 , margin:10  });\n\t\t\tmasterslider_2fd2.control('circletimer',{ autohide:false, overVideo:true, color:'#000000', radius:4, stroke:10   });\n\t\t\t\/\/ slider setup\n\t\t\tmasterslider_2fd2.setup(\"MS69f1b29262fd2\", {\n\t\t\t\twidth           : 1000,\n\t\t\t\theight          : 600,\n\t\t\t\tminHeight       : 0,\n\t\t\t\tspace           : 0,\n\t\t\t\tstart           : 1,\n\t\t\t\tgrabCursor      : true,\n\t\t\t\tswipe           : true,\n\t\t\t\tmouse           : true,\n\t\t\t\tkeyboard        : false,\n\t\t\t\tlayout          : \"partialview\",\n\t\t\t\twheel           : false,\n\t\t\t\tautoplay        : true,\n                instantStartLayers:false,\n\t\t\t\tmobileBGVideo:false,\n\t\t\t\tloop            : true,\n\t\t\t\tshuffle         : false,\n\t\t\t\tpreload         : 0,\n\t\t\t\theightLimit     : true,\n\t\t\t\tautoHeight      : false,\n\t\t\t\tsmoothHeight    : true,\n\t\t\t\tendPause        : false,\n\t\t\t\toverPause       : true,\n\t\t\t\tfillMode        : \"fill\",\n\t\t\t\tcenterControls  : true,\n\t\t\t\tstartOnAppear   : false,\n\t\t\t\tlayersMode      : \"center\",\n\t\t\t\tautofillTarget  : \"\",\n\t\t\t\thideLayers      : false,\n\t\t\t\tfullscreenMargin: 0,\n\t\t\t\tspeed           : 20,\n\t\t\t\tdir             : \"h\",\n\t\t\t\tresponsive      : true,\n\t\t\t\ttabletWidth     : 768,\n\t\t\t\ttabletHeight    : null,\n\t\t\t\tphoneWidth      : 480,\n\t\t\t\tphoneHeight    : null,\n\t\t\t\tsizingReference : window,\n\t\t\t\tparallaxMode    : 'swipe',\n\t\t\t\tview            : \"flow\"\n\t\t\t});\n\n\t\t\t\n\t\t\twindow.masterslider_instances = window.masterslider_instances || [];\n\t\t\twindow.masterslider_instances.push( masterslider_2fd2 );\n\t\t});\n\t\t<\/script>\n\n<\/div>[\/vc_column][\/vc_row][vc_row][vc_column][vc_column_text]<\/p>\n<div id=\"sconnect-is-installed\" style=\"display: none;\">2.5.0.0<\/div>\n<div id=\"sconnect-is-installed\" style=\"display: none;\">2.5.0.0<\/div>\n<div id=\"sconnect-is-installed\" style=\"display: none;\">2.5.0.0<\/div>\n<p>[\/vc_column_text][\/vc_column][\/vc_row]<\/p>\n<div id=\"sconnect-is-installed\" style=\"display: none;\">2.5.0.0<\/div>\n<\/section>","protected":false},"excerpt":{"rendered":"<p>[vc_row row_fullwidth=&#8220;1&#8243; row_zero_column_space=&#8220;1&#8243; bg_parallax=&#8220;off&#8220; css=&#8220;.vc_custom_1414621028378{margin-top: 0px !important;margin-right: 0px !important;margin-bottom: 0px !important;margin-left: 0px !important;padding-top: 0px !important;padding-right: 0px !important;padding-bottom: 0px !important;padding-left: 0px !important;}&#8220;][vc_column][\/vc_column][\/vc_row][vc_row][vc_column][vc_column_text] 2.5.0.0 2.5.0.0 2.5.0.0 [\/vc_column_text][\/vc_column][\/vc_row] 2.5.0.0<\/p>\n","protected":false},"author":1,"featured_media":0,"parent":88,"menu_order":0,"comment_status":"open","ping_status":"open","template":"","meta":[],"_links":{"self":[{"href":"http:\/\/mein-schulbus.de\/index.php\/wp-json\/wp\/v2\/pages\/121"}],"collection":[{"href":"http:\/\/mein-schulbus.de\/index.php\/wp-json\/wp\/v2\/pages"}],"about":[{"href":"http:\/\/mein-schulbus.de\/index.php\/wp-json\/wp\/v2\/types\/page"}],"author":[{"embeddable":true,"href":"http:\/\/mein-schulbus.de\/index.php\/wp-json\/wp\/v2\/users\/1"}],"replies":[{"embeddable":true,"href":"http:\/\/mein-schulbus.de\/index.php\/wp-json\/wp\/v2\/comments?post=121"}],"version-history":[{"count":0,"href":"http:\/\/mein-schulbus.de\/index.php\/wp-json\/wp\/v2\/pages\/121\/revisions"}],"up":[{"embeddable":true,"href":"http:\/\/mein-schulbus.de\/index.php\/wp-json\/wp\/v2\/pages\/88"}],"wp:attachment":[{"href":"http:\/\/mein-schulbus.de\/index.php\/wp-json\/wp\/v2\/media?parent=121"}],"curies":[{"name":"wp","href":"https:\/\/api.w.org\/{rel}","templated":true}]}}