{"id":1815,"date":"2018-06-09T08:58:48","date_gmt":"2018-06-09T06:58:48","guid":{"rendered":"http:\/\/217.160.185.8\/?page_id=1815"},"modified":"2018-08-15T17:11:32","modified_gmt":"2018-08-15T15:11:32","slug":"allgemeines-zum-schulbusverkehr","status":"publish","type":"page","link":"http:\/\/mein-schulbus.de\/index.php\/schulbusse\/allgemeines-zum-schulbusverkehr\/","title":{"rendered":"Allgemeines zum Schulbusverkehr"},"content":{"rendered":"<section class=\"wpb-content-wrapper\"><p>[vc_row][vc_column][vc_column_text]<\/p>\n<h3>Allgemeines zum Schulbusverkehr<\/h3>\n<p>Liebe Sch\u00fcler, liebe Eltern,<br \/>\nder Weg von zu Hause zur Schule und wieder zur\u00fcck z\u00e4hlt zu den allt\u00e4glichsten Fahrten \u00fcberhaupt: das sind hunderte Schulbus-Touren im Jahr. Eltern verlassen sich und vertrauen darauf, dass ihre Kinder jeden Tag sicher und p\u00fcnktlich am Ziel ankommen. Die Fahrten m\u00fcssen klappen, fehlerlos, t\u00e4glich mit Note eins.<br \/>\nWir wissen, welche \u201eFracht\u201c wir jeden Tag auf unseren Sitzen haben: n\u00e4mlich die wertvollste, die jede Familie hat.<\/p>\n<p>Also setzen wir erfahrene Chauffeure ein, achten genau darauf, dass unsere Fahrzeuge technisch einwandfrei laufen und nehmen unsere Aufgabe sehr ernst. Unsere Mitarbeiter arbeiten im Durchschnitt schon seit 15 Jahren f\u00fcr das Unternehmen, die Busse sind durchschnittlich erst drei Jahre alt und s\u00e4mtliche Reparaturen und Wartungsarbeiten finden in unserer eigenen Werkstatt statt, die von Daimler f\u00fcr diese Zwecke anerkannt wurde.<\/p>\n<p>W\u00e4hrend der Fahrt sind unsere Chauffeure ansprechbar und aufmerksam. Sie reagieren, wenn zwischen den Sch\u00fclern Probleme auftreten.<br \/>\nDer Weg zur Schule besteht aber aus mehr als nur der Zeit im Bus. Dazu geh\u00f6ren auch der Marsch zur Haltestelle und das Warten dort, meistens zusammen mit anderen Sch\u00fclern.<\/p>\n<h1><strong>Die wichtigsten Schulbusregeln f\u00fcr Kinder und Jugendliche<\/strong><\/h1>\n<p><strong>1. Die allerwichtigste Regel:<\/strong><br \/>\nNiemals vor oder hinter dem haltenden Bus \u00fcber die Stra\u00dfe laufen! Immer<br \/>\nwarten, bis der Bus abgefahren ist, erst dann kann man genau sehen, ob die Fahrbahn frei ist.<br \/>\n<strong>2. Rechtzeitig von zu Hause losgehen<\/strong>.<br \/>\nKinder, die hetzen, achten nicht auf den Stra\u00dfenverkehr.<br \/>\n<strong>3. Nicht toben, laufen, fangen spielen an der Haltestelle.<\/strong><br \/>\nDabei kann ein Kind leicht auf die Fahrbahn geraten.<br \/>\n<strong>4. Mindestens 1 Meter Abstand zum heranfahrenden Bus halten.<\/strong><br \/>\nIn der Haltebucht schwenkt die vordere rechte Ecke des Busses seitlich aus.<br \/>\n<strong>5. Nicht gegen die Bust\u00fcren dr\u00fccken!<\/strong><br \/>\nBei Druck blockieren sie automatisch und \u00f6ffnen sich erst recht nicht.<br \/>\n<strong>6. Beim Einsteigen nicht dr\u00e4ngeln.<\/strong><br \/>\nSonst besteht die Gefahr, dass Kinder stolpern und st\u00fcrzen.<br \/>\n<strong>7. Im Bus Schulranzen und Taschen auf den Boden stellen oder auf den Scho\u00df nehmen.<\/strong><br \/>\nTaschen geh\u00f6ren nicht in den Mittelgang und auch nicht auf die Sitze.<br \/>\n<strong>8. Unbedingt auf dem Platz sitzen bleiben.<\/strong><br \/>\nFalls vorhanden sollen die Kinder Sicherheitsgurte benutzen. Wer umherl\u00e4uftist bei einer Gefahrbremsung besonders verletzungsgef\u00e4hrdet.<br \/>\n<strong>9. Zerst\u00f6rungen und Verschmutzungen sofort dem Fahrer melden.<\/strong><br \/>\n<strong>10. Noth\u00e4mmer sind keine Andenken.<\/strong><br \/>\nBeim Unfall k\u00f6nnen fehlende Noth\u00e4mmer schlimme Folgen haben.<br \/>\n<strong>11. Nicht l\u00e4rmen oder mit den Sitznachbarn raufen.<\/strong><br \/>\nDer Fahrer kann sich nichtmehr auf den Verkehr konzentrieren.<br \/>\n<strong>12. Keine Angst vor den automatisch schlie\u00dfenden T\u00fcren.<\/strong><br \/>\nMan kann nicht eingeklemmt werden. Bei Widerstand \u00f6ffnen sich die T\u00fcren von selbst.<\/p>\n<p><strong>Die Anordnungen der Busfahrer m\u00fcssen von den Sch\u00fclern befolgt werden.<\/strong><\/p>\n<div id=\"sconnect-is-installed\" style=\"display: none;\">2.5.0.0<\/div>\n<div id=\"sconnect-is-installed\" style=\"display: none;\">2.5.0.0<\/div>\n<p>[\/vc_column_text][\/vc_column][\/vc_row]<\/p>\n<div id=\"sconnect-is-installed\" style=\"display: none;\">2.5.0.0<\/div>\n<\/section>","protected":false},"excerpt":{"rendered":"<p>[vc_row][vc_column][vc_column_text] Allgemeines zum Schulbusverkehr Liebe Sch\u00fcler, liebe Eltern, der Weg von zu Hause zur Schule und wieder zur\u00fcck z\u00e4hlt zu den allt\u00e4glichsten Fahrten \u00fcberhaupt: das sind hunderte Schulbus-Touren im Jahr. [&hellip;]<\/p>\n","protected":false},"author":1,"featured_media":0,"parent":2179,"menu_order":0,"comment_status":"open","ping_status":"open","template":"","meta":[],"_links":{"self":[{"href":"http:\/\/mein-schulbus.de\/index.php\/wp-json\/wp\/v2\/pages\/1815"}],"collection":[{"href":"http:\/\/mein-schulbus.de\/index.php\/wp-json\/wp\/v2\/pages"}],"about":[{"href":"http:\/\/mein-schulbus.de\/index.php\/wp-json\/wp\/v2\/types\/page"}],"author":[{"embeddable":true,"href":"http:\/\/mein-schulbus.de\/index.php\/wp-json\/wp\/v2\/users\/1"}],"replies":[{"embeddable":true,"href":"http:\/\/mein-schulbus.de\/index.php\/wp-json\/wp\/v2\/comments?post=1815"}],"version-history":[{"count":0,"href":"http:\/\/mein-schulbus.de\/index.php\/wp-json\/wp\/v2\/pages\/1815\/revisions"}],"up":[{"embeddable":true,"href":"http:\/\/mein-schulbus.de\/index.php\/wp-json\/wp\/v2\/pages\/2179"}],"wp:attachment":[{"href":"http:\/\/mein-schulbus.de\/index.php\/wp-json\/wp\/v2\/media?parent=1815"}],"curies":[{"name":"wp","href":"https:\/\/api.w.org\/{rel}","templated":true}]}}