{"id":2075,"date":"2018-07-24T21:24:59","date_gmt":"2018-07-24T19:24:59","guid":{"rendered":"http:\/\/217.160.185.8\/?page_id=2075"},"modified":"2026-03-17T08:46:50","modified_gmt":"2026-03-17T07:46:50","slug":"fahrplaene-ortsteile-kandern-muellheim","status":"publish","type":"page","link":"http:\/\/mein-schulbus.de\/index.php\/schulbusse\/fahrplaene-ortsteile-kandern-muellheim\/","title":{"rendered":"Fahrpl\u00e4ne Ortsteile Kandern &#8211; M\u00fcllheim"},"content":{"rendered":"<section class=\"wpb-content-wrapper\"><p>[vc_row][vc_column][vc_column_text]<\/p>\n<h3>Fahrpl\u00e4ne Ortsteile Kandern &#8211; M\u00fcllheim<\/h3>\n<p>Verbindungen von Gupf, Tannenkirch, Holzen, Riedlingen und Feuerbach nach M\u00fcllheim.<\/p>\n<p>&nbsp;<\/p>\n<div id=\"tablepress-19-scroll-wrapper\" class=\"tablepress-scroll-wrapper\">\n\n<table id=\"tablepress-19\" class=\"tablepress tablepress-id-19 tablepress-responsive\">\n<thead>\n<tr class=\"row-1 odd\">\n\t<th class=\"column-1\">Haltestelle<\/th><th class=\"column-2\">1. Schulstunde<\/th><th class=\"column-3\">Haltestelle<\/th><th class=\"column-4\">6. Schulstunde<\/th>\n<\/tr>\n<\/thead>\n<tbody class=\"row-hover\">\n<tr class=\"row-2 even\">\n\t<td class=\"column-1\">Abfahrt<\/td><td class=\"column-2\"><\/td><td class=\"column-3\">Abfahrt<\/td><td class=\"column-4\">Schulbus 19<\/td>\n<\/tr>\n<tr class=\"row-3 odd\">\n\t<td class=\"column-1\">Gupf<\/td><td class=\"column-2\">06:53<\/td><td class=\"column-3\">M\u00fcllheim\/Finanzamt<\/td><td class=\"column-4\">13:10<\/td>\n<\/tr>\n<tr class=\"row-4 even\">\n\t<td class=\"column-1\">Tannenkirch<\/td><td class=\"column-2\">06:55<\/td><td class=\"column-3\">Kandern<\/td><td class=\"column-4\">13:40<\/td>\n<\/tr>\n<tr class=\"row-5 odd\">\n\t<td class=\"column-1\">Holzen<\/td><td class=\"column-2\">06:59<\/td><td class=\"column-3\">Hammerstein<\/td><td class=\"column-4\">13:45<\/td>\n<\/tr>\n<tr class=\"row-6 even\">\n\t<td class=\"column-1\">Hammerstein<\/td><td class=\"column-2\">07:00<\/td><td class=\"column-3\">Holzen<\/td><td class=\"column-4\">13:47<\/td>\n<\/tr>\n<tr class=\"row-7 odd\">\n\t<td class=\"column-1\">Kandern<\/td><td class=\"column-2\">07:07<\/td><td class=\"column-3\">Tannenkirch<\/td><td class=\"column-4\">13:50<\/td>\n<\/tr>\n<tr class=\"row-8 even\">\n\t<td class=\"column-1\">Sitzenkirch<\/td><td class=\"column-2\">07:10<\/td><td class=\"column-3\">Gupf<\/td><td class=\"column-4\">13:52<\/td>\n<\/tr>\n<tr class=\"row-9 odd\">\n\t<td class=\"column-1\">M\u00fcllheim\/Finanzamt<\/td><td class=\"column-2\">07:30<\/td><td class=\"column-3\"><\/td><td class=\"column-4\"><\/td>\n<\/tr>\n<\/tbody>\n<\/table>\n\n<\/div><!-- #tablepress-19 from cache -->\n<div id=\"tablepress-20-scroll-wrapper\" class=\"tablepress-scroll-wrapper\">\n\n<table id=\"tablepress-20\" class=\"tablepress tablepress-id-20 tablepress-responsive\">\n<thead>\n<tr class=\"row-1 odd\">\n\t<th class=\"column-1\">Haltestelle<\/th><th class=\"column-2\">1. Schulstunde<\/th><th class=\"column-3\">Haltestelle<\/th><th class=\"column-4\">6. Schulstunde<\/th>\n<\/tr>\n<\/thead>\n<tbody class=\"row-hover\">\n<tr class=\"row-2 even\">\n\t<td class=\"column-1\">Abfahrt<\/td><td class=\"column-2\"><\/td><td class=\"column-3\">Abfahrt<\/td><td class=\"column-4\">Schulbus 16<\/td>\n<\/tr>\n<tr class=\"row-3 odd\">\n\t<td class=\"column-1\">Feuerbach<\/td><td class=\"column-2\">06:55<\/td><td class=\"column-3\">M\u00fcllheim\/Finanzamt<\/td><td class=\"column-4\">13:15<\/td>\n<\/tr>\n<tr class=\"row-4 even\">\n\t<td class=\"column-1\">Riedlingen<\/td><td class=\"column-2\">07:00<\/td><td class=\"column-3\">Obereggenen (Umsteigen)<\/td><td class=\"column-4\">13:35<\/td>\n<\/tr>\n<tr class=\"row-5 odd\">\n\t<td class=\"column-1\">Kandern<\/td><td class=\"column-2\">07:06<\/td><td class=\"column-3\">SWEG<\/td><td class=\"column-4\">13:36<\/td>\n<\/tr>\n<tr class=\"row-6 even\">\n\t<td class=\"column-1\">Sitzenkirch<\/td><td class=\"column-2\">07:11<\/td><td class=\"column-3\">Feuerbach<\/td><td class=\"column-4\">13:40<\/td>\n<\/tr>\n<tr class=\"row-7 odd\">\n\t<td class=\"column-1\">M\u00fcllheim\/Finanzamt<\/td><td class=\"column-2\">07:30<\/td><td class=\"column-3\">Riedlingen<\/td><td class=\"column-4\">13:43<\/td>\n<\/tr>\n<\/tbody>\n<\/table>\n\n<\/div><!-- #tablepress-20 from cache -->\n<div id=\"tablepress-21-scroll-wrapper\" class=\"tablepress-scroll-wrapper\">\n\n<table id=\"tablepress-21\" class=\"tablepress tablepress-id-21 tablepress-responsive\">\n<thead>\n<tr class=\"row-1 odd\">\n\t<th class=\"column-1\">Haltestelle<\/th><th class=\"column-2\"><\/th><th class=\"column-3\">Haltestelle<\/th><th class=\"column-4\"><\/th><th class=\"column-5\">Haltestelle<\/th><th class=\"column-6\"><\/th>\n<\/tr>\n<\/thead>\n<tbody class=\"row-hover\">\n<tr class=\"row-2 even\">\n\t<td class=\"column-1\">Abfahrt<\/td><td class=\"column-2\"><\/td><td class=\"column-3\">Abfahrt<\/td><td class=\"column-4\"><\/td><td class=\"column-5\">Abfahrt<\/td><td class=\"column-6\">Mo,Di,Do,Fr<\/td>\n<\/tr>\n<tr class=\"row-3 odd\">\n\t<td class=\"column-1\">M\u00fcllheim\/Finanzamt<\/td><td class=\"column-2\">15:35<\/td><td class=\"column-3\">M\u00fcllheim\/Finanzamt<\/td><td class=\"column-4\">17:05<\/td><td class=\"column-5\">M\u00fcllheim\/Finanzamt<\/td><td class=\"column-6\">17:05<\/td>\n<\/tr>\n<tr class=\"row-4 even\">\n\t<td class=\"column-1\">Kandern<br \/>\nBlumenplatz<\/td><td class=\"column-2\">16:10<\/td><td class=\"column-3\">Liel <\/td><td class=\"column-4\">17:36<\/td><td class=\"column-5\">Kandern<\/td><td class=\"column-6\">17:45<\/td>\n<\/tr>\n<tr class=\"row-5 odd\">\n\t<td class=\"column-1\"><\/td><td class=\"column-2\">- Weiterfahrt nach Bedarf nach:<\/td><td class=\"column-3\"><\/td><td class=\"column-4\">- Umstieg Fa. Heckert nach:<br \/>\nKandern\/<\/td><td class=\"column-5\"><\/td><td class=\"column-6\">- Umstieg Linie 4 nach<br \/>\nRiedlingen<\/td>\n<\/tr>\n<tr class=\"row-6 even\">\n\t<td class=\"column-1\"><\/td><td class=\"column-2\">Hammerstein\/Holzen<\/td><td class=\"column-3\"><\/td><td class=\"column-4\">Hammerstein\/Holzen<\/td><td class=\"column-5\"><\/td><td class=\"column-6\">- Umstieg in Linie 55:<\/td>\n<\/tr>\n<tr class=\"row-7 odd\">\n\t<td class=\"column-1\"><\/td><td class=\"column-2\">Tannenkirch\/Gupf<\/td><td class=\"column-3\"><\/td><td class=\"column-4\">Tannenkirch\/Gupf<\/td><td class=\"column-5\"><\/td><td class=\"column-6\">Hammerstein<\/td>\n<\/tr>\n<tr class=\"row-8 even\">\n\t<td class=\"column-1\"><\/td><td class=\"column-2\">Riedlingen\/Feuerbach<\/td><td class=\"column-3\"><\/td><td class=\"column-4\">Riedlingen\/Feuerbach<\/td><td class=\"column-5\"><\/td><td class=\"column-6\">Wittlingen<\/td>\n<\/tr>\n<\/tbody>\n<\/table>\n\n<\/div><!-- #tablepress-21 from cache -->\n<p>&nbsp;<\/p>\n<div id=\"sconnect-is-installed\" style=\"display: none;\">2.5.0.0<\/div>\n<div id=\"sconnect-is-installed\" style=\"display: none;\">2.5.0.0<\/div>\n<div id=\"sconnect-is-installed\" style=\"display: none;\">2.5.0.0<\/div>\n<p>[\/vc_column_text][\/vc_column][\/vc_row][vc_row][vc_column][vc_column_text]<\/p>\n<div id=\"sconnect-is-installed\" style=\"display: none;\">2.5.0.0<\/div>\n<div id=\"sconnect-is-installed\" style=\"display: none;\">2.5.0.0<\/div>\n<div id=\"sconnect-is-installed\" style=\"display: none;\">2.5.0.0<\/div>\n<div id=\"sconnect-is-installed\" style=\"display: none;\">2.5.0.0<\/div>\n<p>[\/vc_column_text][\/vc_column][\/vc_row]<\/p>\n<\/section>","protected":false},"excerpt":{"rendered":"<p>[vc_row][vc_column][vc_column_text] Fahrpl\u00e4ne Ortsteile Kandern &#8211; M\u00fcllheim Verbindungen von Gupf, Tannenkirch, Holzen, Riedlingen und Feuerbach nach M\u00fcllheim. &nbsp; &nbsp; 2.5.0.0 2.5.0.0 2.5.0.0 [\/vc_column_text][\/vc_column][\/vc_row][vc_row][vc_column][vc_column_text] 2.5.0.0 2.5.0.0 2.5.0.0 2.5.0.0 [\/vc_column_text][\/vc_column][\/vc_row]<\/p>\n","protected":false},"author":1,"featured_media":0,"parent":2179,"menu_order":0,"comment_status":"open","ping_status":"open","template":"","meta":[],"_links":{"self":[{"href":"http:\/\/mein-schulbus.de\/index.php\/wp-json\/wp\/v2\/pages\/2075"}],"collection":[{"href":"http:\/\/mein-schulbus.de\/index.php\/wp-json\/wp\/v2\/pages"}],"about":[{"href":"http:\/\/mein-schulbus.de\/index.php\/wp-json\/wp\/v2\/types\/page"}],"author":[{"embeddable":true,"href":"http:\/\/mein-schulbus.de\/index.php\/wp-json\/wp\/v2\/users\/1"}],"replies":[{"embeddable":true,"href":"http:\/\/mein-schulbus.de\/index.php\/wp-json\/wp\/v2\/comments?post=2075"}],"version-history":[{"count":1,"href":"http:\/\/mein-schulbus.de\/index.php\/wp-json\/wp\/v2\/pages\/2075\/revisions"}],"predecessor-version":[{"id":3302,"href":"http:\/\/mein-schulbus.de\/index.php\/wp-json\/wp\/v2\/pages\/2075\/revisions\/3302"}],"up":[{"embeddable":true,"href":"http:\/\/mein-schulbus.de\/index.php\/wp-json\/wp\/v2\/pages\/2179"}],"wp:attachment":[{"href":"http:\/\/mein-schulbus.de\/index.php\/wp-json\/wp\/v2\/media?parent=2075"}],"curies":[{"name":"wp","href":"https:\/\/api.w.org\/{rel}","templated":true}]}}