{"id":2217,"date":"2018-08-15T21:07:43","date_gmt":"2018-08-15T19:07:43","guid":{"rendered":"http:\/\/217.160.185.8\/?page_id=2217"},"modified":"2025-09-02T11:32:25","modified_gmt":"2025-09-02T09:32:25","slug":"fahrplaene-sulzburg-muellheim-2","status":"publish","type":"page","link":"http:\/\/mein-schulbus.de\/index.php\/schulbusse\/fahrplaene-sulzburg-muellheim-2\/","title":{"rendered":"Fahrpl\u00e4ne Staufen &#8211; Sulzburg &#8211; M\u00fcllheim"},"content":{"rendered":"<section class=\"wpb-content-wrapper\"><p>[vc_row][vc_column][vc_column_text]<\/p>\n<h3>Fahrpl\u00e4ne Staufen &#8211; Sulzburg &#8211; M\u00fcllheim<\/h3>\n<p>Verbindungen von Staufen, Sulzburg, Ballrechten &#8211; Dottingen, Laufen, Britzingen und Zunzingen nach M\u00fcllheim.<\/p>\n<p>Wenn nicht anders angegeben, sind die Verbindungen umstiegsfrei.<\/p>\n<div id=\"tablepress-17-scroll-wrapper\" class=\"tablepress-scroll-wrapper\">\n\n<table id=\"tablepress-17\" class=\"tablepress tablepress-id-17 tablepress-responsive\">\n<thead>\n<tr class=\"row-1 odd\">\n\t<th class=\"column-1\">Linie<\/th><th class=\"column-2\">Haltestelle<\/th><th colspan=\"2\" class=\"column-3\">1. Schulstunde<\/th><th class=\"column-5\">2. Schulstunde<\/th>\n<\/tr>\n<\/thead>\n<tbody class=\"row-hover\">\n<tr class=\"row-2 even\">\n\t<td class=\"column-1\"><\/td><td class=\"column-2\">Abfahrt<\/td><td class=\"column-3\"><\/td><td class=\"column-4\">2 Busse<\/td><td class=\"column-5\"><\/td>\n<\/tr>\n<tr class=\"row-3 odd\">\n\t<td class=\"column-1\">641<\/td><td class=\"column-2\">Staufen\/Wolfacker<\/td><td class=\"column-3\">06:50<\/td><td class=\"column-4\">---<\/td><td class=\"column-5\">---<\/td>\n<\/tr>\n<tr class=\"row-4 even\">\n\t<td class=\"column-1\">641<\/td><td class=\"column-2\">Grunern\/Bahnhof<\/td><td class=\"column-3\">06:52<\/td><td class=\"column-4\">---<\/td><td class=\"column-5\">---<\/td>\n<\/tr>\n<tr class=\"row-5 odd\">\n\t<td class=\"column-1\">641<\/td><td class=\"column-2\">Ballrechten\/WG<\/td><td class=\"column-3\">06:56<\/td><td class=\"column-4\">---<\/td><td class=\"column-5\">---<\/td>\n<\/tr>\n<tr class=\"row-6 even\">\n\t<td class=\"column-1\">620<\/td><td class=\"column-2\">Dottingen\/Rathaus<\/td><td class=\"column-3\">07:02<\/td><td class=\"column-4\">07:02<\/td><td class=\"column-5\">08:05<\/td>\n<\/tr>\n<tr class=\"row-7 odd\">\n\t<td class=\"column-1\">620<\/td><td class=\"column-2\">Oberdottingen<\/td><td class=\"column-3\">07:06<\/td><td class=\"column-4\">07:06<\/td><td class=\"column-5\">08:09<\/td>\n<\/tr>\n<tr class=\"row-8 even\">\n\t<td class=\"column-1\">640<\/td><td class=\"column-2\">Sulzburg\/Schule<\/td><td class=\"column-3\">07:10<\/td><td class=\"column-4\">07:10<\/td><td class=\"column-5\">08:12<\/td>\n<\/tr>\n<tr class=\"row-9 odd\">\n\t<td class=\"column-1\">640<\/td><td class=\"column-2\">Sulzburg\/Marktplatz<\/td><td class=\"column-3\">07:12<\/td><td class=\"column-4\">07:12<\/td><td class=\"column-5\">08:14<\/td>\n<\/tr>\n<tr class=\"row-10 even\">\n\t<td class=\"column-1\">640<\/td><td class=\"column-2\">Laufen<\/td><td class=\"column-3\">07:15<\/td><td class=\"column-4\">07:15<\/td><td class=\"column-5\">08:17<\/td>\n<\/tr>\n<tr class=\"row-11 odd\">\n\t<td class=\"column-1\">640<\/td><td class=\"column-2\">Muggardt<\/td><td class=\"column-3\">07:18<\/td><td class=\"column-4\">07:18<\/td><td class=\"column-5\">08:20<\/td>\n<\/tr>\n<tr class=\"row-12 even\">\n\t<td class=\"column-1\">640<\/td><td class=\"column-2\">Britzingen\/Post<\/td><td class=\"column-3\">07:20<\/td><td class=\"column-4\">07:20<\/td><td class=\"column-5\">08:22<\/td>\n<\/tr>\n<tr class=\"row-13 odd\">\n\t<td class=\"column-1\">640<\/td><td class=\"column-2\">Britzingen\/West<\/td><td class=\"column-3\">07:21<\/td><td class=\"column-4\">07:21<\/td><td class=\"column-5\">08:23<\/td>\n<\/tr>\n<tr class=\"row-14 even\">\n\t<td class=\"column-1\">640<\/td><td class=\"column-2\">Dattingen<\/td><td class=\"column-3\">07:23<\/td><td class=\"column-4\">07:23<\/td><td class=\"column-5\">08:25<\/td>\n<\/tr>\n<tr class=\"row-15 odd\">\n\t<td class=\"column-1\">640<\/td><td class=\"column-2\">Zunzingen<\/td><td class=\"column-3\">07:25<\/td><td class=\"column-4\">07:25<\/td><td class=\"column-5\">08:27<\/td>\n<\/tr>\n<tr class=\"row-16 even\">\n\t<td class=\"column-1\"><\/td><td class=\"column-2\">M\u00fcllheim\/Schulzentrum<\/td><td class=\"column-3\">07:29<\/td><td class=\"column-4\">07:29<\/td><td class=\"column-5\">08:30<\/td>\n<\/tr>\n<\/tbody>\n<\/table>\n\n<\/div><!-- #tablepress-17 from cache -->\n<div id=\"tablepress-18-scroll-wrapper\" class=\"tablepress-scroll-wrapper\">\n\n<table id=\"tablepress-18\" class=\"tablepress tablepress-id-18 tablepress-responsive\">\n<thead>\n<tr class=\"row-1 odd\">\n\t<th class=\"column-1\">Haltestelle<\/th><th class=\"column-2\">4. Stunde<\/th><th colspan=\"2\" class=\"column-3\">5. Stunde<\/th><th colspan=\"2\" class=\"column-5\">6. Stunde<\/th><th colspan=\"3\" class=\"column-7\">Nachmittag<\/th>\n<\/tr>\n<\/thead>\n<tbody class=\"row-hover\">\n<tr class=\"row-2 even\">\n\t<td class=\"column-1\">Abfahrt<\/td><td class=\"column-2\">640<\/td><td class=\"column-3\">640<br \/>\nSchulbus 4<\/td><td class=\"column-4\">640<\/td><td class=\"column-5\">640<\/td><td class=\"column-6\">640<br \/>\nSchulbus 4<\/td><td class=\"column-7\">640<br \/>\nSchulbus 4<\/td><td class=\"column-8\">640<\/td><td class=\"column-9\">640<\/td>\n<\/tr>\n<tr class=\"row-3 odd\">\n\t<td class=\"column-1\">M\u00fcllheim\/\u00d6stliche Allee<\/td><td class=\"column-2\">11:28<\/td><td class=\"column-3\"><\/td><td class=\"column-4\"><\/td><td class=\"column-5\"><\/td><td class=\"column-6\"><\/td><td class=\"column-7\"><\/td><td class=\"column-8\"><\/td><td class=\"column-9\"><\/td>\n<\/tr>\n<tr class=\"row-4 even\">\n\t<td class=\"column-1\">M\u00fcllheim\/Grundschule\/AJS<\/td><td class=\"column-2\">---<\/td><td class=\"column-3\">12:15<\/td><td class=\"column-4\">---<\/td><td class=\"column-5\">---<\/td><td class=\"column-6\">13:05<\/td><td class=\"column-7\">---<\/td><td class=\"column-8\">---<\/td><td class=\"column-9\">---<\/td>\n<\/tr>\n<tr class=\"row-5 odd\">\n\t<td class=\"column-1\">M\u00fcllheim\/Finanzamt<\/td><td class=\"column-2\">---<\/td><td class=\"column-3\">---<\/td><td class=\"column-4\">12:27<\/td><td class=\"column-5\">---<\/td><td class=\"column-6\">13:10<\/td><td class=\"column-7\">15:35<\/td><td class=\"column-8\">---<\/td><td class=\"column-9\">17:15<\/td>\n<\/tr>\n<tr class=\"row-6 even\">\n\t<td class=\"column-1\">Zunzingen<\/td><td class=\"column-2\">11:34<\/td><td class=\"column-3\">12:20<\/td><td class=\"column-4\">12:36<\/td><td class=\"column-5\">13:19<\/td><td class=\"column-6\">13:15<\/td><td class=\"column-7\">15:38<\/td><td class=\"column-8\">16:26<\/td><td class=\"column-9\">17:36<\/td>\n<\/tr>\n<tr class=\"row-7 odd\">\n\t<td class=\"column-1\">Dattingen<\/td><td class=\"column-2\">11:36<\/td><td class=\"column-3\">12:22<\/td><td class=\"column-4\">12:38<\/td><td class=\"column-5\">13:21<\/td><td class=\"column-6\">13:17<\/td><td class=\"column-7\">15:40<\/td><td class=\"column-8\">16:28<\/td><td class=\"column-9\">17:38<\/td>\n<\/tr>\n<tr class=\"row-8 even\">\n\t<td class=\"column-1\">Britzingen\/West<\/td><td class=\"column-2\">11:38<\/td><td class=\"column-3\">12:24<\/td><td class=\"column-4\">12:40<\/td><td class=\"column-5\">13:23<\/td><td class=\"column-6\">13:19<\/td><td class=\"column-7\">15:44<\/td><td class=\"column-8\">16:31<\/td><td class=\"column-9\">17:41<\/td>\n<\/tr>\n<tr class=\"row-9 odd\">\n\t<td class=\"column-1\">Britzingen\/Post<\/td><td class=\"column-2\">11:39<\/td><td class=\"column-3\">12:25<\/td><td class=\"column-4\">12:41<\/td><td class=\"column-5\">13:24<\/td><td class=\"column-6\">13:20<\/td><td class=\"column-7\">15:45<\/td><td class=\"column-8\">16:32<\/td><td class=\"column-9\">17:42<\/td>\n<\/tr>\n<tr class=\"row-10 even\">\n\t<td class=\"column-1\">Muggardt<\/td><td class=\"column-2\">11:41<\/td><td class=\"column-3\">12:27<\/td><td class=\"column-4\">12:43<\/td><td class=\"column-5\">13:26<\/td><td class=\"column-6\">13:22<\/td><td class=\"column-7\">15:47<\/td><td class=\"column-8\">16:34<\/td><td class=\"column-9\">17:44<\/td>\n<\/tr>\n<tr class=\"row-11 odd\">\n\t<td class=\"column-1\">Laufen<\/td><td class=\"column-2\">11:43<\/td><td class=\"column-3\">12:29<\/td><td class=\"column-4\">12:45<\/td><td class=\"column-5\">13:28<\/td><td class=\"column-6\">13:24<br \/>\n<\/td><td class=\"column-7\">15:50<\/td><td class=\"column-8\">16:36<\/td><td class=\"column-9\">17:46<\/td>\n<\/tr>\n<tr class=\"row-12 even\">\n\t<td class=\"column-1\">Sulzburg\/Schule<\/td><td class=\"column-2\">11:49<\/td><td class=\"column-3\">12:35<br \/>\nUmstieg in Linie 641!<\/td><td class=\"column-4\">12:51<\/td><td class=\"column-5\">13:34<\/td><td class=\"column-6\">13:32<\/td><td class=\"column-7\">15:54<br \/>\nUmstieg in Linie 641!<br \/>\n<\/td><td class=\"column-8\">16:44<\/td><td class=\"column-9\">17:54<\/td>\n<\/tr>\n<tr class=\"row-13 odd\">\n\t<td class=\"column-1\">Sulzburg\/Marktplatz<\/td><td class=\"column-2\">11:53<\/td><td class=\"column-3\">12:42<\/td><td class=\"column-4\">12:57<\/td><td class=\"column-5\">13:36<\/td><td class=\"column-6\">13:37<\/td><td class=\"column-7\">16:02<\/td><td class=\"column-8\">16:46<\/td><td class=\"column-9\">17:56<\/td>\n<\/tr>\n<tr class=\"row-14 even\">\n\t<td class=\"column-1\">Oberdottingen<\/td><td class=\"column-2\">11:57<\/td><td class=\"column-3\">12:45<\/td><td class=\"column-4\">12:59<\/td><td class=\"column-5\">13:38<\/td><td class=\"column-6\">13:40<\/td><td class=\"column-7\">15:05<\/td><td class=\"column-8\">16:49<\/td><td class=\"column-9\">17:59<\/td>\n<\/tr>\n<tr class=\"row-15 odd\">\n\t<td class=\"column-1\">Dottingen\/Rathaus<\/td><td class=\"column-2\">11:59<\/td><td class=\"column-3\">12:46<\/td><td class=\"column-4\">13:04<\/td><td class=\"column-5\">13:43<\/td><td class=\"column-6\">13:41<\/td><td class=\"column-7\">16:06<\/td><td class=\"column-8\">16:51<\/td><td class=\"column-9\">18:01<\/td>\n<\/tr>\n<tr class=\"row-16 even\">\n\t<td class=\"column-1\">Wettelbrunn<\/td><td class=\"column-2\">---<\/td><td class=\"column-3\">12:52<\/td><td class=\"column-4\">---<\/td><td class=\"column-5\">---<\/td><td class=\"column-6\">13:47<\/td><td class=\"column-7\">16:12<\/td><td class=\"column-8\">---<\/td><td class=\"column-9\">---<\/td>\n<\/tr>\n<tr class=\"row-17 odd\">\n\t<td class=\"column-1\">Grunern<\/td><td class=\"column-2\">---<\/td><td class=\"column-3\">12:57<\/td><td class=\"column-4\">---<\/td><td class=\"column-5\">---<\/td><td class=\"column-6\">13:49<\/td><td class=\"column-7\">16:14<\/td><td class=\"column-8\">---<\/td><td class=\"column-9\">---<\/td>\n<\/tr>\n<tr class=\"row-18 even\">\n\t<td class=\"column-1\">Staufen\/Gymnasium<\/td><td class=\"column-2\">---<\/td><td class=\"column-3\">12:59<\/td><td class=\"column-4\">---<\/td><td class=\"column-5\">---<\/td><td class=\"column-6\">13:52<\/td><td class=\"column-7\">16:16<\/td><td class=\"column-8\">---<\/td><td class=\"column-9\">---<\/td>\n<\/tr>\n<\/tbody>\n<\/table>\n\n<\/div><!-- #tablepress-18 from cache -->\n<p>&nbsp;<\/p>\n<div id=\"sconnect-is-installed\" style=\"display: none;\">2.5.0.0<\/div>\n<div id=\"sconnect-is-installed\" style=\"display: none;\">2.5.0.0<\/div>\n<div id=\"sconnect-is-installed\" style=\"display: none;\">2.5.0.0<\/div>\n<div id=\"sconnect-is-installed\" style=\"display: none;\">2.5.0.0<\/div>\n<p>[\/vc_column_text][\/vc_column][\/vc_row][vc_row][vc_column][vc_column_text]<\/p>\n<div id=\"sconnect-is-installed\" style=\"display: none;\">2.5.0.0<\/div>\n<div id=\"sconnect-is-installed\" style=\"display: none;\">2.5.0.0<\/div>\n<div id=\"sconnect-is-installed\" style=\"display: none;\">2.5.0.0<\/div>\n<div id=\"sconnect-is-installed\" style=\"display: none;\">2.5.0.0<\/div>\n<p>[\/vc_column_text][\/vc_column][\/vc_row]<\/p>\n<\/section>","protected":false},"excerpt":{"rendered":"<p>[vc_row][vc_column][vc_column_text] Fahrpl\u00e4ne Staufen &#8211; Sulzburg &#8211; M\u00fcllheim Verbindungen von Staufen, Sulzburg, Ballrechten &#8211; Dottingen, Laufen, Britzingen und Zunzingen nach M\u00fcllheim. Wenn nicht anders angegeben, sind die Verbindungen umstiegsfrei. &nbsp; 2.5.0.0 [&hellip;]<\/p>\n","protected":false},"author":1,"featured_media":0,"parent":2179,"menu_order":0,"comment_status":"open","ping_status":"open","template":"","meta":[],"_links":{"self":[{"href":"http:\/\/mein-schulbus.de\/index.php\/wp-json\/wp\/v2\/pages\/2217"}],"collection":[{"href":"http:\/\/mein-schulbus.de\/index.php\/wp-json\/wp\/v2\/pages"}],"about":[{"href":"http:\/\/mein-schulbus.de\/index.php\/wp-json\/wp\/v2\/types\/page"}],"author":[{"embeddable":true,"href":"http:\/\/mein-schulbus.de\/index.php\/wp-json\/wp\/v2\/users\/1"}],"replies":[{"embeddable":true,"href":"http:\/\/mein-schulbus.de\/index.php\/wp-json\/wp\/v2\/comments?post=2217"}],"version-history":[{"count":0,"href":"http:\/\/mein-schulbus.de\/index.php\/wp-json\/wp\/v2\/pages\/2217\/revisions"}],"up":[{"embeddable":true,"href":"http:\/\/mein-schulbus.de\/index.php\/wp-json\/wp\/v2\/pages\/2179"}],"wp:attachment":[{"href":"http:\/\/mein-schulbus.de\/index.php\/wp-json\/wp\/v2\/media?parent=2217"}],"curies":[{"name":"wp","href":"https:\/\/api.w.org\/{rel}","templated":true}]}}