{"id":2220,"date":"2018-08-15T21:14:44","date_gmt":"2018-08-15T19:14:44","guid":{"rendered":"http:\/\/217.160.185.8\/?page_id=2220"},"modified":"2026-03-18T08:22:40","modified_gmt":"2026-03-18T07:22:40","slug":"fahrplaene-oberes-kandertal-muellheim","status":"publish","type":"page","link":"http:\/\/mein-schulbus.de\/index.php\/schulbusse\/fahrplaene-oberes-kandertal-muellheim\/","title":{"rendered":"Fahrpl\u00e4ne Oberes Kandertal &#8211; M\u00fcllheim"},"content":{"rendered":"<section class=\"wpb-content-wrapper\"><p>[vc_row][vc_column][vc_column_text]<\/p>\n<h3>Fahrpl\u00e4ne Oberes Kandertal &#8211; M\u00fcllheim<\/h3>\n<p>Verbindungen von Malsburg-Marzell, L\u00fctschenbach, Kaltenbach, K\u00e4sacker und Vogelbach nach M\u00fcllheim.<\/p>\n<div id=\"tablepress-12-scroll-wrapper\" class=\"tablepress-scroll-wrapper\">\n\n<table id=\"tablepress-12\" class=\"tablepress tablepress-id-12 tablepress-responsive\">\n<thead>\n<tr class=\"row-1 odd\">\n\t<th class=\"column-1\">Haltestelle<\/th><th class=\"column-2\">1. Schulstunde<\/th><th class=\"column-3\">Haltestelle<\/th><th class=\"column-4\">1. Schulstunde<\/th>\n<\/tr>\n<\/thead>\n<tbody class=\"row-hover\">\n<tr class=\"row-2 even\">\n\t<td class=\"column-1\">Abfahrt<\/td><td class=\"column-2\">(Otto's Bustouren)<\/td><td class=\"column-3\">Abfahrt<\/td><td class=\"column-4\"><\/td>\n<\/tr>\n<tr class=\"row-3 odd\">\n\t<td class=\"column-1\">Kaltenbach<\/td><td class=\"column-2\">06:38<\/td><td class=\"column-3\">Marzell - Fachkliniken<\/td><td class=\"column-4\">06:47<\/td>\n<\/tr>\n<tr class=\"row-4 even\">\n\t<td class=\"column-1\">L\u00fctschenbach<\/td><td class=\"column-2\">06:42<\/td><td class=\"column-3\">- Kirche<\/td><td class=\"column-4\">06:50<\/td>\n<\/tr>\n<tr class=\"row-5 odd\">\n\t<td class=\"column-1\">Vogelbach<\/td><td class=\"column-2\">06:50<\/td><td class=\"column-3\">Malsburg - Ort<\/td><td class=\"column-4\">06:52<\/td>\n<\/tr>\n<tr class=\"row-6 even\">\n\t<td class=\"column-1\">K\u00e4sacker<\/td><td class=\"column-2\">---<\/td><td class=\"column-3\">- Alte M\u00fchle<\/td><td class=\"column-4\">06:53<\/td>\n<\/tr>\n<tr class=\"row-7 odd\">\n\t<td class=\"column-1\">Sitzenkirch<\/td><td class=\"column-2\">---<\/td><td class=\"column-3\">- Steinbruch<\/td><td class=\"column-4\">06:56<\/td>\n<\/tr>\n<tr class=\"row-8 even\">\n\t<td class=\"column-1\">M\u00fcllheim\/Finanzamt<\/td><td class=\"column-2\">07:30<\/td><td class=\"column-3\">- Kranz<\/td><td class=\"column-4\">06:58<\/td>\n<\/tr>\n<tr class=\"row-9 odd\">\n\t<td class=\"column-1\"><\/td><td class=\"column-2\"><\/td><td class=\"column-3\">- Hirschen<\/td><td class=\"column-4\">07:00<\/td>\n<\/tr>\n<tr class=\"row-10 even\">\n\t<td class=\"column-1\"><\/td><td class=\"column-2\"><\/td><td class=\"column-3\">Kandern - Spinnerei<\/td><td class=\"column-4\">07:03<\/td>\n<\/tr>\n<tr class=\"row-11 odd\">\n\t<td class=\"column-1\"><\/td><td class=\"column-2\"><\/td><td class=\"column-3\">- Waldeck<\/td><td class=\"column-4\">07:04<\/td>\n<\/tr>\n<tr class=\"row-12 even\">\n\t<td class=\"column-1\"><\/td><td class=\"column-2\"><\/td><td class=\"column-3\">- B\u00f6singer Str.<\/td><td class=\"column-4\">07:05<\/td>\n<\/tr>\n<tr class=\"row-13 odd\">\n\t<td class=\"column-1\"><\/td><td class=\"column-2\"><\/td><td class=\"column-3\">Sitzenkirch<\/td><td class=\"column-4\">07:09<\/td>\n<\/tr>\n<tr class=\"row-14 even\">\n\t<td class=\"column-1\"><\/td><td class=\"column-2\"><\/td><td class=\"column-3\">M\u00fcllheim\/Finanzamt<\/td><td class=\"column-4\">07:30<\/td>\n<\/tr>\n<\/tbody>\n<\/table>\n\n<\/div><!-- #tablepress-12 from cache -->\n<div id=\"tablepress-13-scroll-wrapper\" class=\"tablepress-scroll-wrapper\">\n\n<table id=\"tablepress-13\" class=\"tablepress tablepress-id-13 tablepress-responsive\">\n<thead>\n<tr class=\"row-1 odd\">\n\t<th class=\"column-1\">Haltestelle<\/th><th class=\"column-2\">6. Schulstunde<\/th><th class=\"column-3\">Haltestelle<\/th><th class=\"column-4\">6. Schulstunde<\/th>\n<\/tr>\n<\/thead>\n<tbody class=\"row-hover\">\n<tr class=\"row-2 even\">\n\t<td class=\"column-1\">Abfahrt<\/td><td class=\"column-2\">Schulbus 19<sup>1)<\/sub><br \/>\n(Otto's Bustouren)<\/td><td class=\"column-3\">Abfahrt<\/td><td class=\"column-4\">Schulbus 20<\/td>\n<\/tr>\n<tr class=\"row-3 odd\">\n\t<td class=\"column-1\">M\u00fcllheim\/Finanzamt<\/td><td class=\"column-2\">13:10<\/td><td class=\"column-3\">M\u00fcllheim\/Finanzamt<\/td><td class=\"column-4\">13:10<\/td>\n<\/tr>\n<tr class=\"row-4 even\">\n\t<td class=\"column-1\">Marzell\/Fachkliniken<\/td><td class=\"column-2\">13:30<\/td><td class=\"column-3\">Kandern<\/td><td class=\"column-4\">13:30<\/td>\n<\/tr>\n<tr class=\"row-5 odd\">\n\t<td class=\"column-1\">Marzell\/Ort<\/td><td class=\"column-2\">13:33<\/td><td class=\"column-3\">Umstieg SWEG Linie 4<\/td><td class=\"column-4\">13:40<\/td>\n<\/tr>\n<tr class=\"row-6 even\">\n\t<td class=\"column-1\">Kaltenbach<\/td><td class=\"column-2\">13:36<\/td><td class=\"column-3\">Malsburg<\/td><td class=\"column-4\">13:49<\/td>\n<\/tr>\n<tr class=\"row-7 odd\">\n\t<td class=\"column-1\">L\u00fctschenbach<\/td><td class=\"column-2\">13:40<\/td><td class=\"column-3\">Marzell<\/td><td class=\"column-4\">13:55<\/td>\n<\/tr>\n<tr class=\"row-8 even\">\n\t<td class=\"column-1\">Malsburg\/Ort<\/td><td class=\"column-2\">13:42<\/td><td class=\"column-3\"><\/td><td class=\"column-4\"><\/td>\n<\/tr>\n<tr class=\"row-9 odd\">\n\t<td class=\"column-1\">Vogelbach<\/td><td class=\"column-2\">13:50<\/td><td class=\"column-3\"><\/td><td class=\"column-4\"><\/td>\n<\/tr>\n<tr class=\"row-10 even\">\n\t<td class=\"column-1\">K\u00e4sacker<\/td><td class=\"column-2\">13:55<\/td><td class=\"column-3\"><\/td><td class=\"column-4\"><\/td>\n<\/tr>\n<tr class=\"row-11 odd\">\n\t<td colspan=\"4\" class=\"column-1\">1) Kleinbus f\u00fcr die Nebenorte des oberen Kandertals. Mitnahme von Sch\u00fclern aus Marzell\/Ort und Malsburg\/Ort nur bei freier Kapazit\u00e4t<\/td>\n<\/tr>\n<\/tbody>\n<\/table>\n\n<\/div><!-- #tablepress-13 from cache -->\n<div id=\"tablepress-5-scroll-wrapper\" class=\"tablepress-scroll-wrapper\">\n\n<table id=\"tablepress-5\" class=\"tablepress tablepress-id-5 tablepress-responsive\">\n<thead>\n<tr class=\"row-1 odd\">\n\t<th class=\"column-1\">Haltestelle<\/th><th class=\"column-2\"><\/th><th class=\"column-3\"><\/th>\n<\/tr>\n<\/thead>\n<tbody class=\"row-hover\">\n<tr class=\"row-2 even\">\n\t<td class=\"column-1\">Abfahrt<\/td><td class=\"column-2\">(Otto's Bustouren)<\/td><td class=\"column-3\">Mo,Di,Do,Fr<br \/>\n(Otto's Bustouren)<\/td>\n<\/tr>\n<tr class=\"row-3 odd\">\n\t<td class=\"column-1\">M\u00fcllheim\/Finanzamt<\/td><td class=\"column-2\">15:35<\/td><td class=\"column-3\">17:05<\/td>\n<\/tr>\n<tr class=\"row-4 even\">\n\t<td class=\"column-1\">M\u00fcllheim\/Amtsgericht<\/td><td class=\"column-2\">---<\/td><td class=\"column-3\">---<\/td>\n<\/tr>\n<tr class=\"row-5 odd\">\n\t<td class=\"column-1\">M\u00fcllheim\/Fachkliniken<\/td><td class=\"column-2\">16:00<\/td><td class=\"column-3\">17:20<\/td>\n<\/tr>\n<tr class=\"row-6 even\">\n\t<td class=\"column-1\">Marzell\/Ort<\/td><td class=\"column-2\">---<\/td><td class=\"column-3\">17:23<\/td>\n<\/tr>\n<tr class=\"row-7 odd\">\n\t<td class=\"column-1\">Kaltenbach<\/td><td class=\"column-2\">16:06<\/td><td class=\"column-3\">17:26<\/td>\n<\/tr>\n<tr class=\"row-8 even\">\n\t<td class=\"column-1\">L\u00fctschenbach<\/td><td class=\"column-2\">16:10<\/td><td class=\"column-3\">17:30<\/td>\n<\/tr>\n<tr class=\"row-9 odd\">\n\t<td class=\"column-1\">Malsburg\/Ort<\/td><td class=\"column-2\">---<\/td><td class=\"column-3\">17:32<\/td>\n<\/tr>\n<tr class=\"row-10 even\">\n\t<td class=\"column-1\">Vogelbach<\/td><td class=\"column-2\">16:20<\/td><td class=\"column-3\">17:55<\/td>\n<\/tr>\n<tr class=\"row-11 odd\">\n\t<td class=\"column-1\">K\u00e4sacker<\/td><td class=\"column-2\">16:25<\/td><td class=\"column-3\">17:50<\/td>\n<\/tr>\n<tr class=\"row-12 even\">\n\t<td class=\"column-1\">Kandern\/Blumenplatz<\/td><td class=\"column-2\">---<\/td><td class=\"column-3\">17:45<\/td>\n<\/tr>\n<tr class=\"row-13 odd\">\n\t<td class=\"column-1\">Sitzenkirch<\/td><td class=\"column-2\">16:15<\/td><td class=\"column-3\">17:40<\/td>\n<\/tr>\n<\/tbody>\n<\/table>\n\n<\/div><!-- #tablepress-5 from cache -->\n<p>Bei Fragen zu den Verbindungen, welche von Otto&#8217;s Bustouren gefahren werden, wenden Sie Sich bitte direkt an: <a href=\"http:\/\/www.ottos-bustouren.de\">Otto&#8217;s Bustouren<\/a><\/p>\n<p>&nbsp;<\/p>\n<p>&nbsp;<\/p>\n<p>&nbsp;<\/p>\n<div id=\"sconnect-is-installed\" style=\"display: none;\">2.5.0.0<\/div>\n<div id=\"sconnect-is-installed\" style=\"display: none;\">2.5.0.0<\/div>\n<div id=\"sconnect-is-installed\" style=\"display: none;\">2.5.0.0<\/div>\n<div id=\"sconnect-is-installed\" style=\"display: none;\">2.5.0.0<\/div>\n<div id=\"sconnect-is-installed\" style=\"display: none;\">2.5.0.0<\/div>\n<div id=\"sconnect-is-installed\" style=\"display: none;\">2.12.0.0<\/div>\n<div id=\"sconnect-is-installed\" style=\"display: none;\">2.12.0.0<\/div>\n<div id=\"sconnect-is-installed\" style=\"display: none;\">2.12.0.0<\/div>\n<div id=\"sconnect-is-installed\" style=\"display: none;\">2.12.0.0<\/div>\n<div id=\"sconnect-is-installed\" style=\"display: none;\">2.12.0.0<\/div>\n<div id=\"sconnect-is-installed\" style=\"display: none;\">2.12.0.0<\/div>\n<p>[\/vc_column_text][\/vc_column][\/vc_row][vc_row][vc_column][vc_column_text]<\/p>\n<div id=\"sconnect-is-installed\" style=\"display: none;\">2.5.0.0<\/div>\n<div id=\"sconnect-is-installed\" style=\"display: none;\">2.5.0.0<\/div>\n<div id=\"sconnect-is-installed\" style=\"display: none;\">2.5.0.0<\/div>\n<div id=\"sconnect-is-installed\" style=\"display: none;\">2.5.0.0<\/div>\n<p>[\/vc_column_text][\/vc_column][\/vc_row][vc_row][vc_column][vc_column_text]<\/p>\n<div id=\"sconnect-is-installed\" style=\"display: none;\">2.5.0.0<\/div>\n<p>[\/vc_column_text][\/vc_column][\/vc_row][vc_row][vc_column][vc_column_text]<\/p>\n<div id=\"sconnect-is-installed\" style=\"display: none;\">2.12.0.0<\/div>\n<p>[\/vc_column_text][\/vc_column][\/vc_row]<\/p>\n<\/section>","protected":false},"excerpt":{"rendered":"<p>[vc_row][vc_column][vc_column_text] Fahrpl\u00e4ne Oberes Kandertal &#8211; M\u00fcllheim Verbindungen von Malsburg-Marzell, L\u00fctschenbach, Kaltenbach, K\u00e4sacker und Vogelbach nach M\u00fcllheim. Bei Fragen zu den Verbindungen, welche von Otto&#8217;s Bustouren gefahren werden, wenden Sie Sich [&hellip;]<\/p>\n","protected":false},"author":1,"featured_media":0,"parent":2179,"menu_order":0,"comment_status":"open","ping_status":"open","template":"","meta":[],"_links":{"self":[{"href":"http:\/\/mein-schulbus.de\/index.php\/wp-json\/wp\/v2\/pages\/2220"}],"collection":[{"href":"http:\/\/mein-schulbus.de\/index.php\/wp-json\/wp\/v2\/pages"}],"about":[{"href":"http:\/\/mein-schulbus.de\/index.php\/wp-json\/wp\/v2\/types\/page"}],"author":[{"embeddable":true,"href":"http:\/\/mein-schulbus.de\/index.php\/wp-json\/wp\/v2\/users\/1"}],"replies":[{"embeddable":true,"href":"http:\/\/mein-schulbus.de\/index.php\/wp-json\/wp\/v2\/comments?post=2220"}],"version-history":[{"count":1,"href":"http:\/\/mein-schulbus.de\/index.php\/wp-json\/wp\/v2\/pages\/2220\/revisions"}],"predecessor-version":[{"id":3303,"href":"http:\/\/mein-schulbus.de\/index.php\/wp-json\/wp\/v2\/pages\/2220\/revisions\/3303"}],"up":[{"embeddable":true,"href":"http:\/\/mein-schulbus.de\/index.php\/wp-json\/wp\/v2\/pages\/2179"}],"wp:attachment":[{"href":"http:\/\/mein-schulbus.de\/index.php\/wp-json\/wp\/v2\/media?parent=2220"}],"curies":[{"name":"wp","href":"https:\/\/api.w.org\/{rel}","templated":true}]}}