{"id":2225,"date":"2018-08-17T18:56:16","date_gmt":"2018-08-17T16:56:16","guid":{"rendered":"http:\/\/217.160.185.8\/?page_id=2225"},"modified":"2025-09-02T11:31:53","modified_gmt":"2025-09-02T09:31:53","slug":"fahrplaene-heitersheim-muellheim","status":"publish","type":"page","link":"http:\/\/mein-schulbus.de\/index.php\/schulbusse\/fahrplaene-heitersheim-muellheim\/","title":{"rendered":"Fahrpl\u00e4ne Heitersheim &#8211; M\u00fcllheim"},"content":{"rendered":"<section class=\"wpb-content-wrapper\"><p>[vc_row][vc_column][vc_column_text]<\/p>\n<h3>Fahrpl\u00e4ne Heitersheim &#8211; M\u00fcllheim<\/h3>\n<p>Verbindungen von Heitersheim, Seefelden, Buggingen und H\u00fcgelheim nach M\u00fcllheim.<\/p>\n<p>Wenn nicht anders angegeben, sind die Verbindungen umstiegsfrei.<\/p>\n<div id=\"tablepress-14-scroll-wrapper\" class=\"tablepress-scroll-wrapper\">\n\n<table id=\"tablepress-14\" class=\"tablepress tablepress-id-14 tablepress-responsive\">\n<thead>\n<tr class=\"row-1 odd\">\n\t<th class=\"column-1\">Linie<\/th><th class=\"column-2\">Haltestelle<\/th><th colspan=\"2\" class=\"column-3\">1. Schulstunde<\/th>\n<\/tr>\n<\/thead>\n<tbody class=\"row-hover\">\n<tr class=\"row-2 even\">\n\t<td class=\"column-1\"><\/td><td class=\"column-2\"><\/td><td class=\"column-3\">Abfahrt<\/td><td class=\"column-4\"><\/td>\n<\/tr>\n<tr class=\"row-3 odd\">\n\t<td class=\"column-1\">620<\/td><td class=\"column-2\">Dottingen\/Rathaus<\/td><td class=\"column-3\">06:57<\/td><td class=\"column-4\">---<\/td>\n<\/tr>\n<tr class=\"row-4 even\">\n\t<td class=\"column-1\">620<\/td><td class=\"column-2\">Heitersheim\/Kirche<\/td><td class=\"column-3\">07:00<\/td><td class=\"column-4\">---<\/td>\n<\/tr>\n<tr class=\"row-5 odd\">\n\t<td class=\"column-1\">624<\/td><td class=\"column-2\">Heitersheim\/Bahnhof<\/td><td class=\"column-3\">07:08<\/td><td class=\"column-4\">---<\/td>\n<\/tr>\n<tr class=\"row-6 even\">\n\t<td class=\"column-1\">624<\/td><td class=\"column-2\">Seefelden\/Rathaus<\/td><td class=\"column-3\">07:12<\/td><td class=\"column-4\">---<\/td>\n<\/tr>\n<tr class=\"row-7 odd\">\n\t<td class=\"column-1\">624<\/td><td class=\"column-2\">Buggingen\/Danzigerstra\u00dfe<\/td><td class=\"column-3\">07:16<\/td><td class=\"column-4\">07:23<\/td>\n<\/tr>\n<tr class=\"row-8 even\">\n\t<td class=\"column-1\">624<\/td><td class=\"column-2\">Buggingen\/Lindenplatz<\/td><td class=\"column-3\">07:19<\/td><td class=\"column-4\">07:25<\/td>\n<\/tr>\n<tr class=\"row-9 odd\">\n\t<td class=\"column-1\">624<\/td><td class=\"column-2\">H\u00fcgelheim\/WG<\/td><td class=\"column-3\">07:24<\/td><td class=\"column-4\">---<\/td>\n<\/tr>\n<tr class=\"row-10 even\">\n\t<td class=\"column-1\"><\/td><td class=\"column-2\">M\u00fcllheim\/Finanzamt<\/td><td class=\"column-3\">07:30<\/td><td class=\"column-4\">07:35<\/td>\n<\/tr>\n<\/tbody>\n<\/table>\n\n<\/div><!-- #tablepress-14 from cache -->\n<div id=\"tablepress-16-scroll-wrapper\" class=\"tablepress-scroll-wrapper\">\n\n<table id=\"tablepress-16\" class=\"tablepress tablepress-id-16 tablepress-responsive\">\n<thead>\n<tr class=\"row-1 odd\">\n\t<th class=\"column-1\">Haltestelle<\/th><th class=\"column-2\"><\/th><th colspan=\"2\" class=\"column-3\">5. Stunde<\/th><th colspan=\"2\" class=\"column-5\">6. Stunde<\/th><th colspan=\"2\" class=\"column-7\">Nachmittag<\/th>\n<\/tr>\n<\/thead>\n<tbody class=\"row-hover\">\n<tr class=\"row-2 even\">\n\t<td class=\"column-1\">Linie<\/td><td class=\"column-2\">624<\/td><td class=\"column-3\">Schulbus 3<\/td><td class=\"column-4\">624<br \/>\nSchulbus 3<\/td><td class=\"column-5\">Schulbus 3<\/td><td class=\"column-6\">624<br \/>\nSchulbus 3<\/td><td class=\"column-7\">624<br \/>\nSchulbus 3<\/td><td class=\"column-8\">624<br \/>\nSchulbus 3<\/td>\n<\/tr>\n<tr class=\"row-3 odd\">\n\t<td class=\"column-1\">M\u00fcllheim\/\u00d6stliche Allee<\/td><td class=\"column-2\">11:34<\/td><td class=\"column-3\">---<\/td><td class=\"column-4\">12:32<\/td><td class=\"column-5\">---<\/td><td class=\"column-6\">13:10<\/td><td class=\"column-7\">---<\/td><td class=\"column-8\">17:06<\/td>\n<\/tr>\n<tr class=\"row-4 even\">\n\t<td class=\"column-1\">M\u00fcllheim\/Grundschule\/AJS<\/td><td class=\"column-2\">---<\/td><td class=\"column-3\">12:18<\/td><td class=\"column-4\">---<\/td><td class=\"column-5\">13:05<\/td><td class=\"column-6\">---<\/td><td class=\"column-7\">---<\/td><td class=\"column-8\">---<\/td>\n<\/tr>\n<tr class=\"row-5 odd\">\n\t<td class=\"column-1\">M\u00fcllheim\/Bismarckstra\u00dfe<\/td><td class=\"column-2\">---<\/td><td class=\"column-3\">12:23<\/td><td class=\"column-4\">12:35<\/td><td class=\"column-5\">13:10<\/td><td class=\"column-6\">13:15<\/td><td class=\"column-7\">15:35<\/td><td class=\"column-8\">17:08<\/td>\n<\/tr>\n<tr class=\"row-6 even\">\n\t<td class=\"column-1\">H\u00fcgelheim\/B3<\/td><td class=\"column-2\">11:39<\/td><td class=\"column-3\">12:30<\/td><td class=\"column-4\">12:39<\/td><td class=\"column-5\">13:15<\/td><td class=\"column-6\">13:21<\/td><td class=\"column-7\">15:39<\/td><td class=\"column-8\">17:12<\/td>\n<\/tr>\n<tr class=\"row-7 odd\">\n\t<td class=\"column-1\">Buggingen\/Lindenplatz<\/td><td class=\"column-2\">11:44<\/td><td class=\"column-3\">12:35<\/td><td class=\"column-4\">12:44<\/td><td class=\"column-5\">13:20 <br \/>\n<\/td><td class=\"column-6\">13:26<\/td><td class=\"column-7\">15:44<\/td><td class=\"column-8\">17:17<\/td>\n<\/tr>\n<tr class=\"row-8 even\">\n\t<td class=\"column-1\">Buggingen\/Danzigerstra\u00dfe<\/td><td class=\"column-2\">11:46<\/td><td class=\"column-3\">12:38<\/td><td class=\"column-4\">12:46<\/td><td class=\"column-5\">13:22<\/td><td class=\"column-6\">13:28<\/td><td class=\"column-7\">15:46<\/td><td class=\"column-8\">17:18<\/td>\n<\/tr>\n<tr class=\"row-9 odd\">\n\t<td class=\"column-1\">Seefelden\/B3<\/td><td class=\"column-2\">11:49<\/td><td class=\"column-3\">12:40<\/td><td class=\"column-4\">12:49<\/td><td class=\"column-5\">13:24<\/td><td class=\"column-6\">13:30<\/td><td class=\"column-7\">15:49<\/td><td class=\"column-8\">17:21<\/td>\n<\/tr>\n<tr class=\"row-10 even\">\n\t<td class=\"column-1\">Heitersheim\/Bahnhof<\/td><td class=\"column-2\">11:55<\/td><td class=\"column-3\">12:43<\/td><td class=\"column-4\">12:55<\/td><td class=\"column-5\">13:28<\/td><td class=\"column-6\">13:35<\/td><td class=\"column-7\">15:55<\/td><td class=\"column-8\">17:27<\/td>\n<\/tr>\n<\/tbody>\n<\/table>\n\n<\/div><!-- #tablepress-16 from cache -->\n<p>&nbsp;<\/p>\n<p>&nbsp;<\/p>\n<div id=\"sconnect-is-installed\" style=\"display: none;\">2.5.0.0<\/div>\n<div id=\"sconnect-is-installed\" style=\"display: none;\">2.5.0.0<\/div>\n<div id=\"sconnect-is-installed\" style=\"display: none;\">2.5.0.0<\/div>\n<div id=\"sconnect-is-installed\" style=\"display: none;\">2.5.0.0<\/div>\n<div id=\"sconnect-is-installed\" style=\"display: none;\">2.5.0.0<\/div>\n<div id=\"sconnect-is-installed\" style=\"display: none;\"><\/div>\n<div id=\"sconnect-is-installed\" style=\"display: none;\"><\/div>\n<div id=\"sconnect-is-installed\" style=\"display: none;\"><\/div>\n<p>[\/vc_column_text][\/vc_column][\/vc_row][vc_row][vc_column][vc_column_text]<\/p>\n<div id=\"sconnect-is-installed\" style=\"display: none;\">2.5.0.0<\/div>\n<div id=\"sconnect-is-installed\" style=\"display: none;\">2.5.0.0<\/div>\n<div id=\"sconnect-is-installed\" style=\"display: none;\">2.5.0.0<\/div>\n<div id=\"sconnect-is-installed\" style=\"display: none;\">2.5.0.0<\/div>\n<p>[\/vc_column_text][\/vc_column][\/vc_row]<\/p>\n<\/section>","protected":false},"excerpt":{"rendered":"<p>[vc_row][vc_column][vc_column_text] Fahrpl\u00e4ne Heitersheim &#8211; M\u00fcllheim Verbindungen von Heitersheim, Seefelden, Buggingen und H\u00fcgelheim nach M\u00fcllheim. Wenn nicht anders angegeben, sind die Verbindungen umstiegsfrei. &nbsp; &nbsp; 2.5.0.0 2.5.0.0 2.5.0.0 2.5.0.0 2.5.0.0 [\/vc_column_text][\/vc_column][\/vc_row][vc_row][vc_column][vc_column_text] [&hellip;]<\/p>\n","protected":false},"author":1,"featured_media":0,"parent":2179,"menu_order":0,"comment_status":"open","ping_status":"open","template":"","meta":[],"_links":{"self":[{"href":"http:\/\/mein-schulbus.de\/index.php\/wp-json\/wp\/v2\/pages\/2225"}],"collection":[{"href":"http:\/\/mein-schulbus.de\/index.php\/wp-json\/wp\/v2\/pages"}],"about":[{"href":"http:\/\/mein-schulbus.de\/index.php\/wp-json\/wp\/v2\/types\/page"}],"author":[{"embeddable":true,"href":"http:\/\/mein-schulbus.de\/index.php\/wp-json\/wp\/v2\/users\/1"}],"replies":[{"embeddable":true,"href":"http:\/\/mein-schulbus.de\/index.php\/wp-json\/wp\/v2\/comments?post=2225"}],"version-history":[{"count":0,"href":"http:\/\/mein-schulbus.de\/index.php\/wp-json\/wp\/v2\/pages\/2225\/revisions"}],"up":[{"embeddable":true,"href":"http:\/\/mein-schulbus.de\/index.php\/wp-json\/wp\/v2\/pages\/2179"}],"wp:attachment":[{"href":"http:\/\/mein-schulbus.de\/index.php\/wp-json\/wp\/v2\/media?parent=2225"}],"curies":[{"name":"wp","href":"https:\/\/api.w.org\/{rel}","templated":true}]}}