{"id":2244,"date":"2018-09-01T15:35:18","date_gmt":"2018-09-01T13:35:18","guid":{"rendered":"http:\/\/217.160.185.8\/?page_id=2244"},"modified":"2024-03-11T09:19:43","modified_gmt":"2024-03-11T08:19:43","slug":"fahrplaene-obereggenen-muellheim","status":"publish","type":"page","link":"http:\/\/mein-schulbus.de\/index.php\/schulbusse\/fahrplaene-obereggenen-muellheim\/","title":{"rendered":"Fahrpl\u00e4ne Obereggenen &#8211; Schliengen &#8211; Auggen &#8211; M\u00fcllheim"},"content":{"rendered":"<section class=\"wpb-content-wrapper\"><p>[vc_row][vc_column][vc_column_text]<\/p>\n<h3>Fahrpl\u00e4ne Obereggenen &#8211; Liel &#8211; Schliengen &#8211; M\u00fcllheim<\/h3>\n<p>Verbindungen von Obereggenen, Niedereggenen, Liel, Schliengen, Mauchen und Auggen nach M\u00fcllheim<\/p>\n<div id=\"tablepress-27-scroll-wrapper\" class=\"tablepress-scroll-wrapper\">\n\n<table id=\"tablepress-27\" class=\"tablepress tablepress-id-27 tablepress-responsive\">\n<thead>\n<tr class=\"row-1 odd\">\n\t<th class=\"column-1\">Haltestelle<\/th><th colspan=\"3\" class=\"column-2\">1. Schulstunde<\/th><th class=\"column-5\">2. Schulstunde<\/th>\n<\/tr>\n<\/thead>\n<tbody class=\"row-hover\">\n<tr class=\"row-2 even\">\n\t<td class=\"column-1\">Abfahrt<\/td><td class=\"column-2\">644\/2<\/td><td class=\"column-3\">Verst\u00e4rker<\/td><td class=\"column-4\"><\/td><td class=\"column-5\"><\/td>\n<\/tr>\n<tr class=\"row-3 odd\">\n\t<td class=\"column-1\">Schallsingen\/Ort<\/td><td class=\"column-2\">---<\/td><td class=\"column-3\">06:46<\/td><td class=\"column-4\">---<\/td><td class=\"column-5\">07:45<\/td>\n<\/tr>\n<tr class=\"row-4 even\">\n\t<td class=\"column-1\">Obereggenen\/Oberdorf<\/td><td class=\"column-2\">---<\/td><td class=\"column-3\">06:47<\/td><td class=\"column-4\">---<\/td><td class=\"column-5\">07:46<\/td>\n<\/tr>\n<tr class=\"row-5 odd\">\n\t<td class=\"column-1\">Obereggenen\/Rathaus<\/td><td class=\"column-2\">06:40<\/td><td class=\"column-3\">06:50<\/td><td class=\"column-4\">---<\/td><td class=\"column-5\">07:48<\/td>\n<\/tr>\n<tr class=\"row-6 even\">\n\t<td class=\"column-1\">Niedereggenen\/Oberdorf<\/td><td class=\"column-2\">06:43<\/td><td class=\"column-3\">06:53<\/td><td class=\"column-4\">---<\/td><td class=\"column-5\">07:51<\/td>\n<\/tr>\n<tr class=\"row-7 odd\">\n\t<td class=\"column-1\">Niedereggenen\/Unterdorf<\/td><td class=\"column-2\">06:45<\/td><td class=\"column-3\">06:55<\/td><td class=\"column-4\">---<\/td><td class=\"column-5\">07:53<\/td>\n<\/tr>\n<tr class=\"row-8 even\">\n\t<td class=\"column-1\">Liel\/Fambergstr.<\/td><td class=\"column-2\">06:48<\/td><td class=\"column-3\">06:57<\/td><td class=\"column-4\">---<\/td><td class=\"column-5\">07:56<\/td>\n<\/tr>\n<tr class=\"row-9 odd\">\n\t<td class=\"column-1\">Liel\/Sonne<\/td><td class=\"column-2\">06:50<\/td><td class=\"column-3\">07:01<\/td><td class=\"column-4\">---<\/td><td class=\"column-5\">07:58<\/td>\n<\/tr>\n<tr class=\"row-10 even\">\n\t<td class=\"column-1\">Schliengen\/Altingerstr.<\/td><td class=\"column-2\">06:52<\/td><td class=\"column-3\">07:03<\/td><td class=\"column-4\">---<\/td><td class=\"column-5\">08:00<\/td>\n<\/tr>\n<tr class=\"row-11 odd\">\n\t<td class=\"column-1\">Mauchen<\/td><td class=\"column-2\">---<\/td><td class=\"column-3\">07:07<\/td><td class=\"column-4\">---<\/td><td class=\"column-5\">---<\/td>\n<\/tr>\n<tr class=\"row-12 even\">\n\t<td class=\"column-1\">Schliengen\/Blankenhorn<\/td><td class=\"column-2\">06:55<\/td><td class=\"column-3\">07:09<\/td><td class=\"column-4\">---<\/td><td class=\"column-5\">08:03<\/td>\n<\/tr>\n<tr class=\"row-13 odd\">\n\t<td class=\"column-1\">Schliengen\/Bahnhof<\/td><td class=\"column-2\">06:57<\/td><td class=\"column-3\">---<\/td><td class=\"column-4\">---<\/td><td class=\"column-5\">08:05<\/td>\n<\/tr>\n<tr class=\"row-14 even\">\n\t<td class=\"column-1\">Auggen\/Rathaus<\/td><td class=\"column-2\">---<\/td><td class=\"column-3\">---<\/td><td class=\"column-4\">07:07<\/td><td class=\"column-5\">08:10<\/td>\n<\/tr>\n<tr class=\"row-15 odd\">\n\t<td class=\"column-1\">Auggen\/Hochhaus<\/td><td class=\"column-2\">---<\/td><td class=\"column-3\">---<\/td><td class=\"column-4\">07:08<\/td><td class=\"column-5\">08:12<\/td>\n<\/tr>\n<tr class=\"row-16 even\">\n\t<td class=\"column-1\">Hach\/WG<\/td><td class=\"column-2\">---<\/td><td class=\"column-3\">---<\/td><td class=\"column-4\">07:09<\/td><td class=\"column-5\">08:13<\/td>\n<\/tr>\n<tr class=\"row-17 odd\">\n\t<td class=\"column-1\">Hach\/Lettenbuck<\/td><td class=\"column-2\">---<\/td><td class=\"column-3\">---<\/td><td class=\"column-4\">07:10<\/td><td class=\"column-5\">08:14<\/td>\n<\/tr>\n<tr class=\"row-18 even\">\n\t<td class=\"column-1\">M\u00fcllheim\/Finanzamt<\/td><td class=\"column-2\">07:10<\/td><td class=\"column-3\">07:30<\/td><td class=\"column-4\">07:18<\/td><td class=\"column-5\">---<\/td>\n<\/tr>\n<tr class=\"row-19 odd\">\n\t<td class=\"column-1\">M\u00fcllheim\/\u00d6stliche Allee<\/td><td class=\"column-2\">07:12<\/td><td class=\"column-3\">---<\/td><td class=\"column-4\">---<\/td><td class=\"column-5\">08:27<\/td>\n<\/tr>\n<\/tbody>\n<\/table>\n\n<\/div><!-- #tablepress-27 from cache -->\n<div id=\"tablepress-28-scroll-wrapper\" class=\"tablepress-scroll-wrapper\">\n\n<table id=\"tablepress-28\" class=\"tablepress tablepress-id-28 tablepress-responsive\">\n<thead>\n<tr class=\"row-1 odd\">\n\t<th class=\"column-1\">Haltestelle<\/th><th class=\"column-2\">4. Stunde<\/th><th class=\"column-3\">5. Stunde<\/th><th colspan=\"2\" class=\"column-4\">6. Stunde<\/th><th colspan=\"2\" class=\"column-6\">Nachmittag<\/th>\n<\/tr>\n<\/thead>\n<tbody class=\"row-hover\">\n<tr class=\"row-2 even\">\n\t<td class=\"column-1\">Abfahrt<\/td><td class=\"column-2\">644\/15<\/td><td class=\"column-3\">Schulbus 11<\/td><td class=\"column-4\">Schulbus 11<\/td><td class=\"column-5\">Schulbus 20<\/td><td class=\"column-6\">Schulbus 11<\/td><td class=\"column-7\">Schulbus 11<\/td>\n<\/tr>\n<tr class=\"row-3 odd\">\n\t<td class=\"column-1\">M\u00fcllheim\/Finanzamt<\/td><td class=\"column-2\">11:25<\/td><td class=\"column-3\">12:20<\/td><td class=\"column-4\">13:18<\/td><td class=\"column-5\">---<\/td><td class=\"column-6\">15:35<\/td><td class=\"column-7\">17:05<\/td>\n<\/tr>\n<tr class=\"row-4 even\">\n\t<td class=\"column-1\">M\u00fcllheim\/\u00d6stliche Allee<\/td><td class=\"column-2\">11:27<\/td><td class=\"column-3\">12:28<\/td><td class=\"column-4\">13:23<\/td><td class=\"column-5\">13:15<\/td><td class=\"column-6\">15:40<\/td><td class=\"column-7\">17:10<\/td>\n<\/tr>\n<tr class=\"row-5 odd\">\n\t<td class=\"column-1\">Hach\/Lettenbuck<\/td><td class=\"column-2\">---<\/td><td class=\"column-3\">12:34<\/td><td class=\"column-4\">13:30<\/td><td class=\"column-5\">---<\/td><td class=\"column-6\">15:51<\/td><td class=\"column-7\">---<\/td>\n<\/tr>\n<tr class=\"row-6 even\">\n\t<td class=\"column-1\">Hach\/WG<\/td><td class=\"column-2\">11:36<\/td><td class=\"column-3\">12:35<\/td><td class=\"column-4\">13:32<\/td><td class=\"column-5\">---<\/td><td class=\"column-6\">15:54<\/td><td class=\"column-7\">17:17<\/td>\n<\/tr>\n<tr class=\"row-7 odd\">\n\t<td class=\"column-1\">Auggen\/Oberdorf\/Kirche<\/td><td class=\"column-2\">---<\/td><td class=\"column-3\">---<\/td><td class=\"column-4\">---<\/td><td class=\"column-5\">13:25<\/td><td class=\"column-6\">---<\/td><td class=\"column-7\">---<\/td>\n<\/tr>\n<tr class=\"row-8 even\">\n\t<td class=\"column-1\">Auggen\/Hochhaus<\/td><td class=\"column-2\">11:37<\/td><td class=\"column-3\">12:36<\/td><td class=\"column-4\">13:33<\/td><td class=\"column-5\">---<\/td><td class=\"column-6\">15:55<\/td><td class=\"column-7\">17:19<\/td>\n<\/tr>\n<tr class=\"row-9 odd\">\n\t<td class=\"column-1\">Auggen\/Kronenplatz<\/td><td class=\"column-2\">11:39<\/td><td class=\"column-3\">12:38<\/td><td class=\"column-4\">13:34<\/td><td class=\"column-5\">13:27<\/td><td class=\"column-6\">15:57<\/td><td class=\"column-7\">17:20<\/td>\n<\/tr>\n<tr class=\"row-10 even\">\n\t<td class=\"column-1\">Schliengen\/Bahnhof<\/td><td class=\"column-2\">11:44<\/td><td class=\"column-3\">12:43<\/td><td class=\"column-4\">13:40<\/td><td class=\"column-5\">---<\/td><td class=\"column-6\">16:00<\/td><td class=\"column-7\">17:25<\/td>\n<\/tr>\n<tr class=\"row-11 odd\">\n\t<td class=\"column-1\">Schliengen\/Blankenhorn<\/td><td class=\"column-2\">11:46<\/td><td class=\"column-3\">12:45<\/td><td class=\"column-4\">13:42<\/td><td class=\"column-5\">---<\/td><td class=\"column-6\">16:02<\/td><td class=\"column-7\">17:28<\/td>\n<\/tr>\n<tr class=\"row-12 even\">\n\t<td class=\"column-1\">Mauchen<\/td><td class=\"column-2\">11:52<\/td><td class=\"column-3\">---<\/td><td class=\"column-4\">13:47<\/td><td class=\"column-5\">---<\/td><td class=\"column-6\">16:07<\/td><td class=\"column-7\">---<\/td>\n<\/tr>\n<tr class=\"row-13 odd\">\n\t<td class=\"column-1\">Schliengen\/Altingerstr.<\/td><td class=\"column-2\">12:00<\/td><td class=\"column-3\">12:46<\/td><td class=\"column-4\">13:51<\/td><td class=\"column-5\">---<\/td><td class=\"column-6\">16:09<\/td><td class=\"column-7\">17:31<\/td>\n<\/tr>\n<tr class=\"row-14 even\">\n\t<td class=\"column-1\">Liel\/Krone<\/td><td class=\"column-2\">12:03<\/td><td class=\"column-3\">12:49<\/td><td class=\"column-4\">13:54<\/td><td class=\"column-5\">---<\/td><td class=\"column-6\">16:11<\/td><td class=\"column-7\">17:32<\/td>\n<\/tr>\n<tr class=\"row-15 odd\">\n\t<td class=\"column-1\">Liel\/Fambergstr.<\/td><td class=\"column-2\">12:06<\/td><td class=\"column-3\">12:51<\/td><td class=\"column-4\">13:56<\/td><td class=\"column-5\">---<\/td><td class=\"column-6\">16:13<\/td><td class=\"column-7\">17:34<\/td>\n<\/tr>\n<tr class=\"row-16 even\">\n\t<td class=\"column-1\">Niedereggenen\/Unterdorf<\/td><td class=\"column-2\">12:09<\/td><td class=\"column-3\">12:54<\/td><td class=\"column-4\">13:58<\/td><td class=\"column-5\">---<\/td><td class=\"column-6\">16:16<\/td><td class=\"column-7\">17:36<\/td>\n<\/tr>\n<tr class=\"row-17 odd\">\n\t<td class=\"column-1\">Niedereggenen\/Oberdorf<\/td><td class=\"column-2\">12:11<\/td><td class=\"column-3\">12:55<\/td><td class=\"column-4\">13:59<\/td><td class=\"column-5\">---<\/td><td class=\"column-6\">16:17<\/td><td class=\"column-7\">17:38<\/td>\n<\/tr>\n<tr class=\"row-18 even\">\n\t<td class=\"column-1\">Obereggenen<\/td><td class=\"column-2\">12:14<\/td><td class=\"column-3\">12:57<\/td><td class=\"column-4\">14:00<\/td><td class=\"column-5\">---<\/td><td class=\"column-6\">16:19<\/td><td class=\"column-7\">17:39<\/td>\n<\/tr>\n<\/tbody>\n<\/table>\n\n<\/div><!-- #tablepress-28 from cache -->\n<p>&nbsp;<\/p>\n<p>&nbsp;<\/p>\n<div id=\"sconnect-is-installed\" style=\"display: none;\">2.5.0.0<\/div>\n<div id=\"sconnect-is-installed\" style=\"display: none;\">2.5.0.0<\/div>\n<div id=\"sconnect-is-installed\" style=\"display: none;\">2.5.0.0<\/div>\n<div id=\"sconnect-is-installed\" style=\"display: none;\">2.5.0.0<\/div>\n<div id=\"sconnect-is-installed\" style=\"display: none;\">2.5.0.0<\/div>\n<div id=\"sconnect-is-installed\" style=\"display: none;\">2.5.0.0<\/div>\n<div id=\"sconnect-is-installed\" style=\"display: none;\"><\/div>\n<div id=\"sconnect-is-installed\" style=\"display: none;\"><\/div>\n<div id=\"sconnect-is-installed\" style=\"display: none;\"><\/div>\n<div id=\"sconnect-is-installed\" style=\"display: none;\"><\/div>\n<div id=\"sconnect-is-installed\" style=\"display: none;\"><\/div>\n<div id=\"sconnect-is-installed\" style=\"display: none;\"><\/div>\n<div id=\"sconnect-is-installed\" style=\"display: none;\">2.12.0.0<\/div>\n<p>[\/vc_column_text][\/vc_column][\/vc_row][vc_row][vc_column][vc_column_text]<\/p>\n<div id=\"sconnect-is-installed\" style=\"display: none;\">2.5.0.0<\/div>\n<div id=\"sconnect-is-installed\" style=\"display: none;\">2.5.0.0<\/div>\n<div id=\"sconnect-is-installed\" style=\"display: none;\">2.5.0.0<\/div>\n<div id=\"sconnect-is-installed\" style=\"display: none;\">2.5.0.0<\/div>\n<p>[\/vc_column_text][\/vc_column][\/vc_row][vc_row][vc_column][vc_column_text]<\/p>\n<div id=\"sconnect-is-installed\" style=\"display: none;\"><\/div>\n<p>[\/vc_column_text][\/vc_column][\/vc_row][vc_row][vc_column][vc_column_text]<\/p>\n<div id=\"sconnect-is-installed\" style=\"display: none;\"><\/div>\n<p>[\/vc_column_text][\/vc_column][\/vc_row][vc_row][vc_column][vc_column_text]<\/p>\n<div id=\"sconnect-is-installed\" style=\"display: none;\"><\/div>\n<p>[\/vc_column_text][\/vc_column][\/vc_row][vc_row][vc_column][vc_column_text]<\/p>\n<div id=\"sconnect-is-installed\" style=\"display: none;\"><\/div>\n<p>[\/vc_column_text][\/vc_column][\/vc_row]<\/p>\n<\/section>","protected":false},"excerpt":{"rendered":"<p>[vc_row][vc_column][vc_column_text] Fahrpl\u00e4ne Obereggenen &#8211; Liel &#8211; Schliengen &#8211; M\u00fcllheim Verbindungen von Obereggenen, Niedereggenen, Liel, Schliengen, Mauchen und Auggen nach M\u00fcllheim &nbsp; &nbsp; 2.5.0.0 2.5.0.0 2.5.0.0 2.5.0.0 2.5.0.0 2.5.0.0 2.12.0.0 [\/vc_column_text][\/vc_column][\/vc_row][vc_row][vc_column][vc_column_text] [&hellip;]<\/p>\n","protected":false},"author":1,"featured_media":0,"parent":2179,"menu_order":0,"comment_status":"open","ping_status":"open","template":"","meta":[],"_links":{"self":[{"href":"http:\/\/mein-schulbus.de\/index.php\/wp-json\/wp\/v2\/pages\/2244"}],"collection":[{"href":"http:\/\/mein-schulbus.de\/index.php\/wp-json\/wp\/v2\/pages"}],"about":[{"href":"http:\/\/mein-schulbus.de\/index.php\/wp-json\/wp\/v2\/types\/page"}],"author":[{"embeddable":true,"href":"http:\/\/mein-schulbus.de\/index.php\/wp-json\/wp\/v2\/users\/1"}],"replies":[{"embeddable":true,"href":"http:\/\/mein-schulbus.de\/index.php\/wp-json\/wp\/v2\/comments?post=2244"}],"version-history":[{"count":0,"href":"http:\/\/mein-schulbus.de\/index.php\/wp-json\/wp\/v2\/pages\/2244\/revisions"}],"up":[{"embeddable":true,"href":"http:\/\/mein-schulbus.de\/index.php\/wp-json\/wp\/v2\/pages\/2179"}],"wp:attachment":[{"href":"http:\/\/mein-schulbus.de\/index.php\/wp-json\/wp\/v2\/media?parent=2244"}],"curies":[{"name":"wp","href":"https:\/\/api.w.org\/{rel}","templated":true}]}}