{"id":2553,"date":"2020-06-11T10:33:06","date_gmt":"2020-06-11T08:33:06","guid":{"rendered":"http:\/\/mein-schulbus.de\/?page_id=2553"},"modified":"2025-12-12T10:51:42","modified_gmt":"2025-12-12T09:51:42","slug":"linienverkehr","status":"publish","type":"page","link":"http:\/\/mein-schulbus.de\/index.php\/linienverkehr\/","title":{"rendered":"LINIENVERKEHR"},"content":{"rendered":"<section class=\"wpb-content-wrapper\"><p>[vc_row][vc_column][vc_column_text]<\/p>\n<h3>Fahrpl\u00e4ne ab dem 14.12.2025:<\/h3>\n<p>Linie 620:<\/p>\n<p><a href=\"http:\/\/mein-schulbus.de\/wp-content\/uploads\/2025\/12\/Linie-620.pdf\">Heitersheim &#8211; Sulzburg<\/a><\/p>\n<p>Linie 624:<\/p>\n<p><a href=\"http:\/\/mein-schulbus.de\/wp-content\/uploads\/2025\/12\/Linie-624.pdf\">Heitersheim &#8211; M\u00fcllheim<\/a><\/p>\n<p>Linie 640:<\/p>\n<p><a href=\"http:\/\/mein-schulbus.de\/wp-content\/uploads\/2025\/12\/Linie-640.pdf\">M\u00fcllheim &#8211; Sulzburg<\/a><\/p>\n<p>Linie 641:<\/p>\n<p><a href=\"http:\/\/mein-schulbus.de\/wp-content\/uploads\/2025\/12\/Linie-641.pdf\">Staufen &#8211; Sulzburg<\/a><\/p>\n<p>Linie 644:<\/p>\n<p><a href=\"http:\/\/mein-schulbus.de\/wp-content\/uploads\/2025\/12\/Linie-644.pdf\">Ringlinie S\u00fcd<\/a><\/p>\n<div id=\"sconnect-is-installed\" style=\"display: none;\">2.5.0.0<\/div>\n<div id=\"sconnect-is-installed\" style=\"display: none;\">2.5.0.0<\/div>\n<div id=\"sconnect-is-installed\" style=\"display: none;\">2.5.0.0<\/div>\n<div id=\"sconnect-is-installed\" style=\"display: none;\">2.5.0.0<\/div>\n<div id=\"sconnect-is-installed\" style=\"display: none;\">2.5.0.0<\/div>\n<div id=\"sconnect-is-installed\" style=\"display: none;\">2.5.0.0<\/div>\n<div id=\"sconnect-is-installed\" style=\"display: none;\">2.5.0.0<\/div>\n<div id=\"sconnect-is-installed\" style=\"display: none;\"><\/div>\n<div id=\"sconnect-is-installed\" style=\"display: none;\"><\/div>\n<div id=\"sconnect-is-installed\" style=\"display: none;\"><\/div>\n<div id=\"sconnect-is-installed\" style=\"display: none;\">2.12.0.0<\/div>\n<div id=\"sconnect-is-installed\" style=\"display: none;\">2.12.0.0<\/div>\n<div id=\"sconnect-is-installed\" style=\"display: none;\">2.12.0.0<\/div>\n<div id=\"sconnect-is-installed\" style=\"display: none;\">2.12.0.0<\/div>\n<div id=\"sconnect-is-installed\" style=\"display: none;\">2.12.0.0<\/div>\n<div id=\"sconnect-is-installed\" style=\"display: none;\">2.12.0.0<\/div>\n<div id=\"sconnect-is-installed\" style=\"display: none;\">2.12.0.0<\/div>\n<div id=\"sconnect-is-installed\" style=\"display: none;\">2.12.0.0<\/div>\n<div id=\"sconnect-is-installed\" style=\"display: none;\">2.12.0.0<\/div>\n<div id=\"sconnect-is-installed\" style=\"display: none;\">2.12.0.0<\/div>\n<div id=\"sconnect-is-installed\" style=\"display: none;\">2.12.0.0<\/div>\n<div id=\"sconnect-is-installed\" style=\"display: none;\">2.12.0.0<\/div>\n<div id=\"sconnect-is-installed\" style=\"display: none;\">2.12.0.0<\/div>\n<p>[\/vc_column_text][\/vc_column][\/vc_row][vc_row][vc_column][vc_column_text]<\/p>\n<div id=\"sconnect-is-installed\" style=\"display: none;\">2.5.0.0<\/div>\n<div id=\"sconnect-is-installed\" style=\"display: none;\">2.5.0.0<\/div>\n<div id=\"sconnect-is-installed\" style=\"display: none;\">2.5.0.0<\/div>\n<p>[\/vc_column_text][\/vc_column][\/vc_row][vc_row][vc_column][vc_column_text]<\/p>\n<div id=\"sconnect-is-installed\" style=\"display: none;\">2.5.0.0<\/div>\n<div id=\"sconnect-is-installed\" style=\"display: none;\">2.5.0.0<\/div>\n<p>[\/vc_column_text][\/vc_column][\/vc_row][vc_row][vc_column][vc_column_text]<\/p>\n<div id=\"sconnect-is-installed\" style=\"display: none;\">2.5.0.0<\/div>\n<p>[\/vc_column_text][\/vc_column][\/vc_row][vc_row][vc_column][vc_column_text]<\/p>\n<div id=\"sconnect-is-installed\" style=\"display: none;\">2.12.0.0<\/div>\n<p>[\/vc_column_text][\/vc_column][\/vc_row][vc_row][vc_column][vc_column_text]<\/p>\n<div id=\"sconnect-is-installed\" style=\"display: none;\">2.12.0.0<\/div>\n<p>[\/vc_column_text][\/vc_column][\/vc_row][vc_row][vc_column][vc_column_text]<\/p>\n<div id=\"sconnect-is-installed\" style=\"display: none;\">2.12.0.0<\/div>\n<p>[\/vc_column_text][\/vc_column][\/vc_row]<\/p>\n<\/section>","protected":false},"excerpt":{"rendered":"<p>[vc_row][vc_column][vc_column_text] Fahrpl\u00e4ne ab dem 14.12.2025: Linie 620: Heitersheim &#8211; Sulzburg Linie 624: Heitersheim &#8211; M\u00fcllheim Linie 640: M\u00fcllheim &#8211; Sulzburg Linie 641: Staufen &#8211; Sulzburg Linie 644: Ringlinie S\u00fcd 2.5.0.0 [&hellip;]<\/p>\n","protected":false},"author":1,"featured_media":0,"parent":0,"menu_order":0,"comment_status":"open","ping_status":"open","template":"","meta":[],"_links":{"self":[{"href":"http:\/\/mein-schulbus.de\/index.php\/wp-json\/wp\/v2\/pages\/2553"}],"collection":[{"href":"http:\/\/mein-schulbus.de\/index.php\/wp-json\/wp\/v2\/pages"}],"about":[{"href":"http:\/\/mein-schulbus.de\/index.php\/wp-json\/wp\/v2\/types\/page"}],"author":[{"embeddable":true,"href":"http:\/\/mein-schulbus.de\/index.php\/wp-json\/wp\/v2\/users\/1"}],"replies":[{"embeddable":true,"href":"http:\/\/mein-schulbus.de\/index.php\/wp-json\/wp\/v2\/comments?post=2553"}],"version-history":[{"count":0,"href":"http:\/\/mein-schulbus.de\/index.php\/wp-json\/wp\/v2\/pages\/2553\/revisions"}],"wp:attachment":[{"href":"http:\/\/mein-schulbus.de\/index.php\/wp-json\/wp\/v2\/media?parent=2553"}],"curies":[{"name":"wp","href":"https:\/\/api.w.org\/{rel}","templated":true}]}}